{"id":4113,"date":"2023-05-28T18:07:46","date_gmt":"2023-05-28T17:07:46","guid":{"rendered":"https:\/\/www.megadancers.com\/?page_id=4113"},"modified":"2024-01-26T19:01:21","modified_gmt":"2024-01-26T19:01:21","slug":"legal","status":"publish","type":"page","link":"https:\/\/www.megadancers.com\/de\/legal\/","title":{"rendered":"Rechtliches"},"content":{"rendered":"<div class=\"fusion-fullwidth fullwidth-box fusion-builder-row-1 fusion-flex-container has-pattern-background has-mask-background fusion-parallax-none nonhundred-percent-fullwidth non-hundred-percent-height-scrolling\" style=\"--awb-background-repeat:repeat;--awb-border-radius-top-left:0px;--awb-border-radius-top-right:0px;--awb-border-radius-bottom-right:0px;--awb-border-radius-bottom-left:0px;--awb-background-color:var(--awb-color1);--awb-background-image:url(&quot;https:\/\/www.megadancers.com\/wp-content\/uploads\/2023\/05\/concrete-wall.png&quot;);--awb-flex-wrap:wrap;\" ><div class=\"fusion-builder-row fusion-row fusion-flex-align-items-flex-start fusion-flex-content-wrap\" style=\"max-width:1248px;margin-left: calc(-4% \/ 2 );margin-right: calc(-4% \/ 2 );\"><div class=\"fusion-layout-column fusion_builder_column fusion-builder-column-0 fusion_builder_column_1_6 1_6 fusion-flex-column\" style=\"--awb-bg-size:cover;--awb-width-large:16.666666666667%;--awb-margin-top-large:0px;--awb-spacing-right-large:11.52%;--awb-margin-bottom-large:20px;--awb-spacing-left-large:11.52%;--awb-width-medium:16.666666666667%;--awb-order-medium:0;--awb-spacing-right-medium:11.52%;--awb-spacing-left-medium:11.52%;--awb-width-small:100%;--awb-order-small:0;--awb-spacing-right-small:1.92%;--awb-spacing-left-small:1.92%;\"><div class=\"fusion-column-wrapper fusion-column-has-shadow fusion-flex-justify-content-flex-start fusion-content-layout-column\"><\/div><\/div><div class=\"fusion-layout-column fusion_builder_column fusion-builder-column-1 fusion_builder_column_2_3 2_3 fusion-flex-column\" style=\"--awb-bg-size:cover;--awb-width-large:66.666666666667%;--awb-margin-top-large:0px;--awb-spacing-right-large:2.88%;--awb-margin-bottom-large:20px;--awb-spacing-left-large:2.88%;--awb-width-medium:66.666666666667%;--awb-order-medium:0;--awb-spacing-right-medium:2.88%;--awb-spacing-left-medium:2.88%;--awb-width-small:100%;--awb-order-small:0;--awb-spacing-right-small:1.92%;--awb-spacing-left-small:1.92%;\"><div class=\"fusion-column-wrapper fusion-column-has-shadow fusion-flex-justify-content-flex-start fusion-content-layout-column\"><div class=\"fusion-text fusion-text-1\"><p><strong>OBJEKT<\/strong><\/p>\n<p>Diese rechtlichen Bedingungen werden von FJZA unter dem Handelsnamen MegaDancers: European Salsa League aufgestellt, um die Kriterien und Bedingungen f\u00fcr die Nutzung der Website megadancers.com festzulegen.<\/p>\n<p><strong>Daten des Inhabers:<\/strong><\/p>\n<p>In \u00dcbereinstimmung mit den Bestimmungen des Gesetzes \u00fcber die Informationsgesellschaft und den elektronischen Handel, LSSICE 34\/2002, stellt MegaDancers: European Salsa League, die Daten des Eigent\u00fcmers dieser Website zur Verf\u00fcgung.<\/p>\n<p><strong>Identifizierung und Kontakt:<\/strong><\/p>\n<p>Handelsname: MegaDancers: Europ\u00e4ische Salsa-Liga<br \/>\nName des Unternehmens: FJZA<br \/>\nMEHRWERTSTEUER-NR.: 42044357N<br \/>\nC\/Atenea 7 | 38296 San Crist\u00f3bal de La Laguna | Kanarische Inseln<br \/>\nE-Mail: hi@megadancers.com<\/p>\n<p>MegaDancers: European Salsa League, beh\u00e4lt sich das Recht vor, die rechtlichen Bedingungen jederzeit zu \u00e4ndern sowie technische oder visuelle Verbesserungen vorzunehmen, die sie f\u00fcr angemessen h\u00e4lt; wenn die \u00c4nderungen die Privatsph\u00e4re der Benutzer betreffen, wird dies vor dem Inkrafttreten der \u00c4nderungen mitgeteilt.<\/p>\n<p>In \u00dcbereinstimmung mit dem Organgesetz \u00fcber den Schutz personenbezogener Daten und die Gew\u00e4hrleistung digitaler Rechte (LOPD-GDD 3\/2018) und der Allgemeinen Datenschutzverordnung (RGPD EU 2016\/679), um Ihre Anfragen zu beantworten, f\u00fcllen Sie bitte die erforderlichen Felder aus. Es werden keine Daten an Dritte weitergegeben, es sei denn, dies ist gesetzlich vorgeschrieben oder es ist notwendig, um Ihre Anfrage zu beantworten. Sie k\u00f6nnen Ihre Rechte auf Auskunft, Berichtigung, L\u00f6schung, Einschr\u00e4nkung, Widerspruch und \u00dcbertragbarkeit unter der folgenden Adresse aus\u00fcben:<\/p>\n<p>C\/Atenea 7 | 38296 San Crist\u00f3bal de La Laguna | Kanarische Inseln<br \/>\nhi@megadancers.com<\/p>\n<p><strong>LINKS-POLITIK<\/strong><\/p>\n<p>Diese Website enth\u00e4lt Links zu Websites Dritter, um den Nutzern den Zugang zu verschiedenen sozialen Netzwerken und Internetplattformen zu erm\u00f6glichen; Canarias Salsa Open ist nicht verantwortlich f\u00fcr die Inhalte, Angebote, Produkte oder Dienstleistungen, die dort zu finden sind.<\/p>\n<p><strong>ANWENDBARES RECHT<\/strong><\/p>\n<p>Alle Angelegenheiten, die MegaDancers: European Salsa League und den Benutzer betreffen, unterliegen der geltenden nationalen Gesetzgebung und alle Streitigkeiten werden den Gerichten von Santa Cruz de Tenerife vorgelegt.<\/p>\n<\/div><\/div><\/div><div class=\"fusion-layout-column fusion_builder_column fusion-builder-column-2 fusion_builder_column_1_6 1_6 fusion-flex-column\" style=\"--awb-bg-size:cover;--awb-width-large:16.666666666667%;--awb-margin-top-large:0px;--awb-spacing-right-large:11.52%;--awb-margin-bottom-large:20px;--awb-spacing-left-large:11.52%;--awb-width-medium:16.666666666667%;--awb-order-medium:0;--awb-spacing-right-medium:11.52%;--awb-spacing-left-medium:11.52%;--awb-width-small:100%;--awb-order-small:0;--awb-spacing-right-small:1.92%;--awb-spacing-left-small:1.92%;\"><div class=\"fusion-column-wrapper fusion-column-has-shadow fusion-flex-justify-content-flex-start fusion-content-layout-column\"><\/div><\/div><\/div><\/div>","protected":false},"excerpt":{"rendered":"GEGENSTAND Die vorliegenden rechtlichen Bedingungen werden von FJZA unter dem Handelsnamen MegaDancers: European Salsa League aufgestellt, um die Kriterien und Bedingungen f\u00fcr die Nutzung der Website megadancers.com festzulegen Angaben des Eigent\u00fcmers: Wie in [...]","protected":false},"author":1,"featured_media":0,"parent":0,"menu_order":0,"comment_status":"closed","ping_status":"closed","template":"","meta":{"footnotes":""},"class_list":["post-4113","page","type-page","status-publish","hentry"],"yoast_head":"<!-- This site is optimized with the Yoast SEO plugin v27.4 - https:\/\/yoast.com\/product\/yoast-seo-wordpress\/ -->\n<title>Legal - MegaDancers: European Salsa League<\/title>\n<meta name=\"robots\" content=\"index, follow, max-snippet:-1, max-image-preview:large, max-video-preview:-1\" \/>\n<link rel=\"canonical\" href=\"https:\/\/www.megadancers.com\/de\/legal\/\" \/>\n<meta property=\"og:locale\" content=\"de_DE\" \/>\n<meta property=\"og:type\" content=\"article\" \/>\n<meta property=\"og:title\" content=\"Legal - MegaDancers: European Salsa League\" \/>\n<meta property=\"og:url\" content=\"https:\/\/www.megadancers.com\/de\/legal\/\" \/>\n<meta property=\"og:site_name\" content=\"MegaDancers: European Salsa League\" \/>\n<meta property=\"article:publisher\" content=\"https:\/\/www.facebook.com\/CanariasSalsaOpen\/\" \/>\n<meta property=\"article:modified_time\" content=\"2024-01-26T19:01:21+00:00\" \/>\n<meta property=\"og:image\" content=\"https:\/\/www.megadancers.com\/wp-content\/uploads\/2023\/06\/logo-yoast.jpg\" \/>\n\t<meta property=\"og:image:width\" content=\"1200\" \/>\n\t<meta property=\"og:image:height\" content=\"675\" \/>\n\t<meta property=\"og:image:type\" content=\"image\/jpeg\" \/>\n<meta name=\"twitter:card\" content=\"summary_large_image\" \/>\n<meta name=\"twitter:label1\" content=\"Gesch\u00e4tzte Lesezeit\" \/>\n\t<meta name=\"twitter:data1\" content=\"2\u00a0Minuten\" \/>\n<script type=\"application\/ld+json\" class=\"yoast-schema-graph\">{\"@context\":\"https:\\\/\\\/schema.org\",\"@graph\":[{\"@type\":\"WebPage\",\"@id\":\"https:\\\/\\\/www.megadancers.com\\\/legal\\\/\",\"url\":\"https:\\\/\\\/www.megadancers.com\\\/legal\\\/\",\"name\":\"Legal - MegaDancers: European Salsa League\",\"isPartOf\":{\"@id\":\"https:\\\/\\\/www.megadancers.com\\\/#website\"},\"datePublished\":\"2023-05-28T17:07:46+00:00\",\"dateModified\":\"2024-01-26T19:01:21+00:00\",\"breadcrumb\":{\"@id\":\"https:\\\/\\\/www.megadancers.com\\\/legal\\\/#breadcrumb\"},\"inLanguage\":\"de\",\"potentialAction\":[{\"@type\":\"ReadAction\",\"target\":[\"https:\\\/\\\/www.megadancers.com\\\/legal\\\/\"]}]},{\"@type\":\"BreadcrumbList\",\"@id\":\"https:\\\/\\\/www.megadancers.com\\\/legal\\\/#breadcrumb\",\"itemListElement\":[{\"@type\":\"ListItem\",\"position\":1,\"name\":\"Inicio\",\"item\":\"https:\\\/\\\/www.megadancers.com\\\/\"},{\"@type\":\"ListItem\",\"position\":2,\"name\":\"Legal\"}]},{\"@type\":\"WebSite\",\"@id\":\"https:\\\/\\\/www.megadancers.com\\\/#website\",\"url\":\"https:\\\/\\\/www.megadancers.com\\\/\",\"name\":\"MegaDancers: European Salsa League\",\"description\":\"Competencia de baile de salsa en pareja y solistas\",\"publisher\":{\"@id\":\"https:\\\/\\\/www.megadancers.com\\\/#organization\"},\"alternateName\":\"Megadancers\",\"potentialAction\":[{\"@type\":\"SearchAction\",\"target\":{\"@type\":\"EntryPoint\",\"urlTemplate\":\"https:\\\/\\\/www.megadancers.com\\\/?s={search_term_string}\"},\"query-input\":{\"@type\":\"PropertyValueSpecification\",\"valueRequired\":true,\"valueName\":\"search_term_string\"}}],\"inLanguage\":\"de\"},{\"@type\":\"Organization\",\"@id\":\"https:\\\/\\\/www.megadancers.com\\\/#organization\",\"name\":\"MegaDancers\",\"url\":\"https:\\\/\\\/www.megadancers.com\\\/\",\"logo\":{\"@type\":\"ImageObject\",\"inLanguage\":\"de\",\"@id\":\"https:\\\/\\\/www.megadancers.com\\\/#\\\/schema\\\/logo\\\/image\\\/\",\"url\":\"https:\\\/\\\/www.megadancers.com\\\/wp-content\\\/uploads\\\/2023\\\/06\\\/Logo-MegaDancersSEO.png\",\"contentUrl\":\"https:\\\/\\\/www.megadancers.com\\\/wp-content\\\/uploads\\\/2023\\\/06\\\/Logo-MegaDancersSEO.png\",\"width\":512,\"height\":512,\"caption\":\"MegaDancers\"},\"image\":{\"@id\":\"https:\\\/\\\/www.megadancers.com\\\/#\\\/schema\\\/logo\\\/image\\\/\"},\"sameAs\":[\"https:\\\/\\\/www.facebook.com\\\/CanariasSalsaOpen\\\/\",\"https:\\\/\\\/www.instagram.com\\\/salsaopencanarias\\\/\"]}]}<\/script>\n<!-- \/ Yoast SEO plugin. -->","yoast_head_json":{"title":"Legal - MegaDancers: European Salsa League","robots":{"index":"index","follow":"follow","max-snippet":"max-snippet:-1","max-image-preview":"max-image-preview:large","max-video-preview":"max-video-preview:-1"},"canonical":"https:\/\/www.megadancers.com\/de\/legal\/","og_locale":"de_DE","og_type":"article","og_title":"Legal - MegaDancers: European Salsa League","og_url":"https:\/\/www.megadancers.com\/de\/legal\/","og_site_name":"MegaDancers: European Salsa League","article_publisher":"https:\/\/www.facebook.com\/CanariasSalsaOpen\/","article_modified_time":"2024-01-26T19:01:21+00:00","og_image":[{"width":1200,"height":675,"url":"https:\/\/www.megadancers.com\/wp-content\/uploads\/2023\/06\/logo-yoast.jpg","type":"image\/jpeg"}],"twitter_card":"summary_large_image","twitter_misc":{"Gesch\u00e4tzte Lesezeit":"2\u00a0Minuten"},"schema":{"@context":"https:\/\/schema.org","@graph":[{"@type":"WebPage","@id":"https:\/\/www.megadancers.com\/legal\/","url":"https:\/\/www.megadancers.com\/legal\/","name":"Legal - MegaDancers: European Salsa League","isPartOf":{"@id":"https:\/\/www.megadancers.com\/#website"},"datePublished":"2023-05-28T17:07:46+00:00","dateModified":"2024-01-26T19:01:21+00:00","breadcrumb":{"@id":"https:\/\/www.megadancers.com\/legal\/#breadcrumb"},"inLanguage":"de","potentialAction":[{"@type":"ReadAction","target":["https:\/\/www.megadancers.com\/legal\/"]}]},{"@type":"BreadcrumbList","@id":"https:\/\/www.megadancers.com\/legal\/#breadcrumb","itemListElement":[{"@type":"ListItem","position":1,"name":"Inicio","item":"https:\/\/www.megadancers.com\/"},{"@type":"ListItem","position":2,"name":"Legal"}]},{"@type":"WebSite","@id":"https:\/\/www.megadancers.com\/#website","url":"https:\/\/www.megadancers.com\/","name":"MegaDancers: Europ\u00e4ische Salsa-Liga","description":"Salsa-Tanzwettbewerb f\u00fcr Paare und Solisten","publisher":{"@id":"https:\/\/www.megadancers.com\/#organization"},"alternateName":"Megadancers","potentialAction":[{"@type":"SearchAction","target":{"@type":"EntryPoint","urlTemplate":"https:\/\/www.megadancers.com\/?s={search_term_string}"},"query-input":{"@type":"PropertyValueSpecification","valueRequired":true,"valueName":"search_term_string"}}],"inLanguage":"de"},{"@type":"Organization","@id":"https:\/\/www.megadancers.com\/#organization","name":"MegaDancers","url":"https:\/\/www.megadancers.com\/","logo":{"@type":"ImageObject","inLanguage":"de","@id":"https:\/\/www.megadancers.com\/#\/schema\/logo\/image\/","url":"https:\/\/www.megadancers.com\/wp-content\/uploads\/2023\/06\/Logo-MegaDancersSEO.png","contentUrl":"https:\/\/www.megadancers.com\/wp-content\/uploads\/2023\/06\/Logo-MegaDancersSEO.png","width":512,"height":512,"caption":"MegaDancers"},"image":{"@id":"https:\/\/www.megadancers.com\/#\/schema\/logo\/image\/"},"sameAs":["https:\/\/www.facebook.com\/CanariasSalsaOpen\/","https:\/\/www.instagram.com\/salsaopencanarias\/"]}]}},"_links":{"self":[{"href":"https:\/\/www.megadancers.com\/de\/wp-json\/wp\/v2\/pages\/4113","targetHints":{"allow":["GET"]}}],"collection":[{"href":"https:\/\/www.megadancers.com\/de\/wp-json\/wp\/v2\/pages"}],"about":[{"href":"https:\/\/www.megadancers.com\/de\/wp-json\/wp\/v2\/types\/page"}],"author":[{"embeddable":true,"href":"https:\/\/www.megadancers.com\/de\/wp-json\/wp\/v2\/users\/1"}],"replies":[{"embeddable":true,"href":"https:\/\/www.megadancers.com\/de\/wp-json\/wp\/v2\/comments?post=4113"}],"version-history":[{"count":0,"href":"https:\/\/www.megadancers.com\/de\/wp-json\/wp\/v2\/pages\/4113\/revisions"}],"wp:attachment":[{"href":"https:\/\/www.megadancers.com\/de\/wp-json\/wp\/v2\/media?parent=4113"}],"curies":[{"name":"wp","href":"https:\/\/api.w.org\/{rel}","templated":true}]}}