{"id":4133,"date":"2023-05-28T18:47:13","date_gmt":"2023-05-28T17:47:13","guid":{"rendered":"https:\/\/www.megadancers.com\/?page_id=4133"},"modified":"2024-01-26T19:08:01","modified_gmt":"2024-01-26T19:08:01","slug":"condiciones-de-contratacion","status":"publish","type":"page","link":"https:\/\/www.megadancers.com\/de\/condiciones-de-contratacion\/","title":{"rendered":"Bedingungen und Konditionen"},"content":{"rendered":"<div class=\"fusion-fullwidth fullwidth-box fusion-builder-row-1 fusion-flex-container has-pattern-background has-mask-background nonhundred-percent-fullwidth non-hundred-percent-height-scrolling\" style=\"--awb-border-radius-top-left:0px;--awb-border-radius-top-right:0px;--awb-border-radius-bottom-right:0px;--awb-border-radius-bottom-left:0px;--awb-flex-wrap:wrap;\" ><div class=\"fusion-builder-row fusion-row fusion-flex-align-items-flex-start fusion-flex-content-wrap\" style=\"max-width:1248px;margin-left: calc(-4% \/ 2 );margin-right: calc(-4% \/ 2 );\"><div class=\"fusion-layout-column fusion_builder_column fusion-builder-column-0 fusion_builder_column_1_6 1_6 fusion-flex-column\" style=\"--awb-bg-size:cover;--awb-width-large:16.666666666667%;--awb-margin-top-large:0px;--awb-spacing-right-large:11.52%;--awb-margin-bottom-large:20px;--awb-spacing-left-large:11.52%;--awb-width-medium:16.666666666667%;--awb-order-medium:0;--awb-spacing-right-medium:11.52%;--awb-spacing-left-medium:11.52%;--awb-width-small:100%;--awb-order-small:0;--awb-spacing-right-small:1.92%;--awb-spacing-left-small:1.92%;\"><div class=\"fusion-column-wrapper fusion-column-has-shadow fusion-flex-justify-content-flex-start fusion-content-layout-column\"><\/div><\/div><div class=\"fusion-layout-column fusion_builder_column fusion-builder-column-1 fusion_builder_column_2_3 2_3 fusion-flex-column\" style=\"--awb-bg-size:cover;--awb-width-large:66.666666666667%;--awb-margin-top-large:0px;--awb-spacing-right-large:2.88%;--awb-margin-bottom-large:20px;--awb-spacing-left-large:2.88%;--awb-width-medium:66.666666666667%;--awb-order-medium:0;--awb-spacing-right-medium:2.88%;--awb-spacing-left-medium:2.88%;--awb-width-small:100%;--awb-order-small:0;--awb-spacing-right-small:1.92%;--awb-spacing-left-small:1.92%;\"><div class=\"fusion-column-wrapper fusion-column-has-shadow fusion-flex-justify-content-flex-start fusion-content-layout-column\"><div class=\"fusion-text fusion-text-1\"><p><strong>INFORMATIONEN IM VORFELD DES VERTRAGSABSCHLUSSES<\/strong><\/p>\n<p>Diese Website https:\/\/www,megadancers.com ist Eigentum der MegaDancers: European Salsa League mit der NIF 42044357N und der Steueradresse Calle Atenea, 7 - 38296 San Crist\u00f3bal de La Laguna, die unter dem Markennamen MegaDancers: European Salsa League kommerziell t\u00e4tig ist.<\/p>\n<p>Die Allgemeinen Gesch\u00e4ftsbedingungen regeln das Fernabsatzverh\u00e4ltnis zwischen MegaDancers: European Salsa League und dem Nutzer oder Kunden, in \u00dcbereinstimmung mit den gesetzlichen Bestimmungen, insbesondere dem Gesetz 7\/1998 vom 13. April \u00fcber die Allgemeinen Vertragsbedingungen, dem Allgemeinen Gesetz zum Schutz von Verbrauchern und Nutzern und anderen erg\u00e4nzenden Gesetzen, die durch das K\u00f6nigliche Gesetzesdekret 1\/2007 vom 16. November genehmigt wurden, dem Gesetz 3\/2014 vom 27. M\u00e4rz, das den \u00fcberarbeiteten Text des Allgemeinen Gesetzes zum Schutz von Verbrauchern und Nutzern ab\u00e4ndert, Gesetz 7\/1996 vom 15. Januar 1996 \u00fcber die Regulierung des Einzelhandels, Verordnung (EU) 2016\/679 des Europ\u00e4ischen Parlaments und des Rates vom 27. April 2016 (RGPD), Organgesetz 3\/2018 \u00fcber den Schutz personenbezogener Daten und die Gew\u00e4hrleistung digitaler Rechte und Gesetz 34\/2002 vom 11. Juli 2002 \u00fcber Dienste der Informationsgesellschaft und den elektronischen Handel.<\/p>\n<p>MegaDancers: European Salsa League beh\u00e4lt sich das Recht vor, ohne vorherige Ank\u00fcndigung \u00c4nderungen an den Allgemeinen Gesch\u00e4ftsbedingungen vorzunehmen. Solche \u00c4nderungen k\u00f6nnen \u00fcber ihre Webseiten mit allen gesetzlich zul\u00e4ssigen Mitteln vorgenommen werden und sind verbindlich, solange sie auf der Webseite ver\u00f6ffentlicht sind und bis sie nicht durch sp\u00e4tere g\u00fcltig ge\u00e4ndert werden. MegaDancers: European Salsa League beh\u00e4lt sich jedoch das Recht vor, in bestimmten F\u00e4llen besondere Vertragsbedingungen anstelle der vorliegenden allgemeinen Bedingungen anzuwenden, wenn sie dies f\u00fcr angemessen h\u00e4lt, und diese rechtzeitig und in geeigneter Form bekannt zu geben.<\/p>\n<p>Zweck der Website ist der Online-Verkauf von Gutscheinen, Einzel- und Gruppentickets.<\/p>\n<p>Die Laufzeit des Vertrags ist an die Durchf\u00fchrung der Veranstaltung gebunden, unbeschadet des R\u00fccktrittsrechts.<\/p>\n<p>Als Nutzer oder Kunde erkl\u00e4ren Sie ausdr\u00fccklich, dass Sie die Nutzungsbedingungen und diese allgemeinen Vertragsbedingungen kennen, verstehen und akzeptieren. Ebenso erkl\u00e4ren Sie, dass Sie vollj\u00e4hrig und rechts- und gesch\u00e4ftsf\u00e4hig sind, um auf die Webseiten von MegaDancers: European Salsa League zuzugreifen und \u00fcber diese Vertr\u00e4ge abzuschlie\u00dfen.<\/p>\n<p>Um mit dem Kauf von Eintrittskarten fortzufahren, k\u00f6nnen Sie den entsprechenden Bereich unseres Online-Shops aufrufen.<\/p>\n<p>Voraussetzung f\u00fcr den Online-Einkauf ist, dass Sie sich als Nutzer der Website registrieren. Sie k\u00f6nnen den entsprechenden Bereich f\u00fcr die Registrierung auf der Website selbst aufrufen. In \u00dcbereinstimmung mit den Bestimmungen der Verordnung (EU) 2016\/679 des Europ\u00e4ischen Parlaments und des Rates vom 27. April 2016 \u00fcber den Schutz personenbezogener Daten informiert MegaDancers: European Salsa League die Nutzer dar\u00fcber, dass die pers\u00f6nlichen Daten, die bei der Registrierung und dem anschlie\u00dfenden Kauf erhoben werden, in einer Datei unter ihrer Verantwortung gespeichert werden, um diese Handlungen des Nutzers zu verarbeiten und die sich daraus ergebenden Handlungen zu verwalten. Ebenso informiert MegaDancers: European Salsa League \u00fcber die M\u00f6glichkeit der Aus\u00fcbung der Rechte auf Zugang, Berichtigung, L\u00f6schung und Widerspruch durch ein Schreiben an die Adresse Calle Atenea, 7 - 38296 San Crist\u00f3bal de La Laguna oder per E-Mail an hi@megadancers.com.<\/p>\n<p>Sofern Sie uns nichts Gegenteiliges mitteilen, gehen wir davon aus, dass Ihre Daten nicht ge\u00e4ndert wurden, dass Sie sich verpflichten, uns jede \u00c4nderung mitzuteilen, und dass wir Ihr Einverst\u00e4ndnis haben, sie f\u00fcr die Aufrechterhaltung der Beziehung zwischen den Parteien zu verwenden.<\/p>\n<p>W\u00e4hrend des Kaufvorgangs m\u00fcssen Sie sich mit Ihrem Namen und Ihren Identit\u00e4tsdaten identifizieren. Diese Daten werden nicht \u00f6ffentlich gemacht. Sie sind daf\u00fcr verantwortlich, die bei der Registrierung als Kunde erhaltene Identit\u00e4t und das Passwort vertraulich und verantwortungsbewusst zu behandeln und d\u00fcrfen sie nicht an Dritte weitergeben.<\/p>\n<p>Sie k\u00f6nnen Ihre registrierten Daten jederzeit im Kundenbereich der Weezevent-Verkaufsplattform \u00e4ndern, wenn Sie sich auf der Plattform registriert haben. In diesem Bereich haben Sie auch Zugang zu einer \u00dcbersicht \u00fcber Ihre Eink\u00e4ufe.<\/p>\n<p>Sobald der Kaufvorgang abgeschlossen ist, erh\u00e4lt der Kunde eine Kaufbest\u00e4tigung per E-Mail, SMS oder Whatsapp-Nachricht. Es ist wichtig, dass der Nutzer w\u00e4hrend des Kaufvorgangs eine g\u00fcltige E-Mail-Adresse und Telefonnummer angibt. Wenn Sie die Best\u00e4tigung nicht innerhalb von 24 Stunden nach Abschluss der Bestellung erhalten, wenden Sie sich bitte an MegaDancers: European Salsa League unter der Telefonnummer + 34 663 816 781 oder per E-Mail hi@megadancers.com.<\/p>\n<p>Der gesamte Inhalt der Website ist auf Spanisch.<\/p>\n<p><strong>ANGEBOT UND G\u00dcLTIGKEIT<\/strong><\/p>\n<p>In \u00dcbereinstimmung mit den geltenden Vorschriften MegaDancers: European Salsa League bietet Informationen \u00fcber alle Veranstaltungen und Aktivit\u00e4ten, ihre Eigenschaften und Preise. MegaDancers: European Salsa League beh\u00e4lt sich jedoch das Recht vor, die \u00fcber die Website angebotenen Aktivit\u00e4ten zur\u00fcckzuziehen oder zu \u00e4ndern, indem sie einfach den Inhalt der Website \u00e4ndert. Auf diese Weise werden die Aktivit\u00e4ten, die zu einem bestimmten Zeitpunkt auf der Website angeboten werden, durch die jeweils geltenden Allgemeinen Gesch\u00e4ftsbedingungen geregelt. Ebenso hat das Unternehmen das Recht, den Zugang zu den genannten Aktivit\u00e4ten jederzeit und ohne Vorank\u00fcndigung zu beenden.<\/p>\n<p><strong>WESENTLICHE MERKMALE<\/strong><\/p>\n<p>Die in unserem Online-Shop angebotenen Veranstaltungen und Aktivit\u00e4ten enthalten Daten und Zeiten, Merkmale sowie die f\u00fcr jede Veranstaltung geplanten Inhalte.<\/p>\n<p>Um an den Aktivit\u00e4ten teilnehmen zu k\u00f6nnen, m\u00fcssen alle Teilnehmer die folgenden Regeln und Anweisungen kennen, befolgen und respektieren:<\/p>\n<p>1.- Bei Unf\u00e4llen jeglicher Art, die auf die Nichteinhaltung der nachstehenden Regeln und Anweisungen zur\u00fcckzuf\u00fchren sind, kann der Veranstalter nicht f\u00fcr Sch\u00e4den haftbar gemacht werden, die der Kunde an Privateigentum, an Dritten oder an sich selbst verursacht hat.<\/p>\n<p>2.- Das veranstaltende Unternehmen verf\u00fcgt \u00fcber die gesetzlich vorgeschriebenen Versicherungen, um die Veranstaltungen und Aktivit\u00e4ten durchf\u00fchren zu k\u00f6nnen. Diese Versicherungen werden nur abgeschlossen, wenn die in diesem Handbuch enthaltenen Anweisungen beachtet werden.<\/p>\n<p>3.- Die Anweisungen des Sicherheitspersonals und des Produktionspersonals der Aktivit\u00e4t m\u00fcssen jederzeit genau befolgt werden.<\/p>\n<p>4.- Die Nichteinhaltung der oben genannten Regel kann zum sofortigen Ausschluss vom Veranstaltungsort oder den R\u00e4umlichkeiten f\u00fchren, ohne dass das Geld an einen der betroffenen Teilnehmer zur\u00fcckgegeben wird.<\/p>\n<p>5.- Um Zugang zur Veranstaltung oder zu den Aktivit\u00e4ten zu erhalten, m\u00fcssen die Kunden die Kaufunterlagen (physisch oder digital) vorlegen, nachdem sie die Gesamtkosten des Vertrags bezahlt haben.<\/p>\n<p>6.- Obwohl das Gesetz dies nicht vorschreibt, verlangen die Versicherungen bei einigen Veranstaltungen und Aktivit\u00e4ten die Zustimmung der Erziehungsberechtigten, falls der Teilnehmer minderj\u00e4hrig ist. Zum Zeitpunkt des Vertragsabschlusses der Aktivit\u00e4t werden Sie gegebenenfalls informiert.<\/p>\n<p>7.- Der Abschluss eines Vertrages \u00fcber die Aktivit\u00e4ten setzt die Annahme der vorliegenden Anweisungen und Regeln voraus.<\/p>\n<p><strong>PREISE<\/strong><\/p>\n<p>Bei allen Aktivit\u00e4ten ist der Verkaufspreis in Euro angegeben und enth\u00e4lt die allgemeine indirekte Steuer der Kanarischen Inseln (IGIC). Falls andere Steuern, Zuschl\u00e4ge oder Verkaufsprovisionen anfallen, werden diese angegeben.<\/p>\n<p><strong>ZAHLUNGSMODALIT\u00c4TEN UND AUSF\u00dcHRUNG DES AUFTRAGS<\/strong><\/p>\n<p>Sie m\u00fcssen Ihre Wahl w\u00e4hrend des Kaufvorgangs angeben:<\/p>\n<p><strong>Kreditkarte VISA oder MASTERCARD<\/strong><\/p>\n<p>Alle Vorg\u00e4nge, die die \u00dcbermittlung von pers\u00f6nlichen Daten oder Bankdaten beinhalten, werden in einer sicheren Umgebung durchgef\u00fchrt, einem Server, der auf der Standard-Sicherheitstechnologie SSL (Secure Sockets Layer) basiert. Alle Informationen, die Sie uns \u00fcbermitteln, werden verschl\u00fcsselt \u00fcber das Netz \u00fcbertragen.<\/p>\n<p>Ihre Kreditkartendaten werden auch direkt auf der Weezevent-Verkaufsplattform am POS (Point of Sale Terminal) eingegeben und nicht auf einem Server von MegaDancers: European Salsa League eingegeben oder registriert.<\/p>\n<p>Wenn Sie mit VISA oder MASTERCARD bezahlen, werden Sie immer nach folgenden Informationen gefragt: Kartennummer, Ablaufdatum und ein Validierungscode, der mit den letzten drei Ziffern der kursiv gedruckten Nummer auf der R\u00fcckseite Ihrer VISA oder MASTERCARD \u00fcbereinstimmt und somit mehr Garantien f\u00fcr die Sicherheit der Transaktion bietet.<\/p>\n<p>Diese Zahlungsmethode ist nur auf der Website g\u00fcltig.<\/p>\n<p>Wurde der Betrag eines Kaufs in betr\u00fcgerischer Absicht oder zu Unrecht unter Verwendung der Nummer einer Zahlungskarte belastet, kann der Karteninhaber die sofortige Stornierung der Belastung verlangen. In diesem Fall werden die entsprechenden Abbuchungen und Wiedergutschriften auf den Konten des Lieferanten und des Karteninhabers so schnell wie m\u00f6glich vorgenommen.<\/p>\n<p>Wurde der Kauf jedoch tats\u00e4chlich vom Karteninhaber get\u00e4tigt und war die Forderung nach R\u00fcckerstattung nicht das Ergebnis der Aus\u00fcbung des R\u00fccktritts- oder K\u00fcndigungsrechts und hat er daher zu Unrecht die Stornierung der entsprechenden Geb\u00fchr verlangt, so haftet der Karteninhaber gegen\u00fcber MegaDancers: European Salsa League auf Ersatz des Schadens, der durch die Stornierung entstanden ist.<\/p>\n<p><strong>ERSTATTUNGSRECHT UND ANSPR\u00dcCHE<\/strong><\/p>\n<ul>\n<li>Stornierung<\/li>\n<\/ul>\n<p>Seitens des Unternehmens:<\/p>\n<p>Falls die Veranstaltung oder die Aktivit\u00e4ten aufgrund von Wetterproblemen nicht stattfinden k\u00f6nnen (Entscheidung des Veranstalters), hat der Kunde das Recht, einen anderen Termin f\u00fcr die Aktivit\u00e4t zu vereinbaren oder eine R\u00fcckerstattung der Reservierung zu verlangen.<\/p>\n<p>In keinem Fall wird eine Verschiebung wegen ungeeigneter Bedingungen am Wohnort des Kunden akzeptiert. Wer wegen schlechten Wetters nicht am Ort der Aktivit\u00e4t erscheint, verliert das Recht, die Aktivit\u00e4t durchzuf\u00fchren.<\/p>\n<ul>\n<li>R\u00fcckerstattung der Zahlung<\/li>\n<\/ul>\n<p>Die R\u00fcckerstattung der erhaltenen Betr\u00e4ge erfolgt nur, wenn die Aussetzung der Aktivit\u00e4ten auf eine Entscheidung der Organisation zur\u00fcckzuf\u00fchren ist. Die Erstattung erfolgt mit demselben Zahlungsmittel, das der Kunde verwendet.<\/p>\n<p>Im Falle eines ungerechtfertigten Verzugs von MegaDancers: European Salsa League mit der R\u00fcckerstattung der gezahlten Betr\u00e4ge innerhalb der folgenden zw\u00f6lf Monate kann der Kunde das Doppelte der gezahlten Betr\u00e4ge verlangen, unbeschadet des Rechts auf Ersatz des dar\u00fcber hinausgehenden Schadens. Im Falle einer ungerechtfertigten Verz\u00f6gerung seitens der Verkaufsplattform kann der Kunde nur den gezahlten Betrag einfordern.<\/p>\n<p><strong>JURISDICTION<\/strong><\/p>\n<p>Ebenso beh\u00e4lt sich MegaDancers: European Salsa League das Recht vor, alle zivil- oder strafrechtlichen Schritte einzuleiten, die sie f\u00fcr die missbr\u00e4uchliche Nutzung ihrer Website und ihrer Inhalte oder f\u00fcr die Verletzung dieser Bedingungen f\u00fcr angemessen h\u00e4lt.<\/p>\n<p>Die Beziehung zwischen dem Nutzer und dem Anbieter unterliegt den auf spanischem Gebiet geltenden Vorschriften. Im Falle eines Rechtsstreits k\u00f6nnen die Parteien ihre Streitigkeiten einem Schiedsgericht vorlegen oder sich an die ordentliche Gerichtsbarkeit wenden, unter Einhaltung der diesbez\u00fcglichen Vorschriften \u00fcber die Rechtsprechung und Zust\u00e4ndigkeit. MegaDancers: European Salsa League hat seinen Sitz in San Crist\u00f3bal de La Laguna, Spanien.<\/p>\n<\/div><\/div><\/div><div class=\"fusion-layout-column fusion_builder_column fusion-builder-column-2 fusion_builder_column_1_6 1_6 fusion-flex-column\" style=\"--awb-bg-size:cover;--awb-width-large:16.666666666667%;--awb-margin-top-large:0px;--awb-spacing-right-large:11.52%;--awb-margin-bottom-large:20px;--awb-spacing-left-large:11.52%;--awb-width-medium:16.666666666667%;--awb-order-medium:0;--awb-spacing-right-medium:11.52%;--awb-spacing-left-medium:11.52%;--awb-width-small:100%;--awb-order-small:0;--awb-spacing-right-small:1.92%;--awb-spacing-left-small:1.92%;\"><div class=\"fusion-column-wrapper fusion-column-has-shadow fusion-flex-justify-content-flex-start fusion-content-layout-column\"><\/div><\/div><\/div><\/div>","protected":false},"excerpt":{"rendered":"INFORMATIONEN VOR DEM VERTRAGSPROZESS Diese Website https:\/\/www,megadancers.com ist Eigentum von MegaDancers: European Salsa League mit der NIF 42044357N und der Steueradresse Calle Atenea, 7 - 38296 San Crist\u00f3bal de La Laguna, die kommerziell unter dem Markennamen MegaDancers: European Salsa League, [...]","protected":false},"author":1,"featured_media":0,"parent":0,"menu_order":0,"comment_status":"closed","ping_status":"closed","template":"100-width.php","meta":{"footnotes":""},"class_list":["post-4133","page","type-page","status-publish","hentry"],"yoast_head":"<!-- This site is optimized with the Yoast SEO plugin v27.4 - https:\/\/yoast.com\/product\/yoast-seo-wordpress\/ -->\n<title>Condiciones de Contrataci\u00f3n - MegaDancers: European Salsa League<\/title>\n<meta name=\"robots\" content=\"index, follow, max-snippet:-1, max-image-preview:large, max-video-preview:-1\" \/>\n<link rel=\"canonical\" href=\"https:\/\/www.megadancers.com\/de\/condiciones-de-contratacion\/\" \/>\n<meta property=\"og:locale\" content=\"de_DE\" \/>\n<meta property=\"og:type\" content=\"article\" \/>\n<meta property=\"og:title\" content=\"Condiciones de Contrataci\u00f3n - MegaDancers: European Salsa League\" \/>\n<meta property=\"og:url\" content=\"https:\/\/www.megadancers.com\/de\/condiciones-de-contratacion\/\" \/>\n<meta property=\"og:site_name\" content=\"MegaDancers: European Salsa League\" \/>\n<meta property=\"article:publisher\" content=\"https:\/\/www.facebook.com\/CanariasSalsaOpen\/\" \/>\n<meta property=\"article:modified_time\" content=\"2024-01-26T19:08:01+00:00\" \/>\n<meta property=\"og:image\" content=\"https:\/\/www.megadancers.com\/wp-content\/uploads\/2023\/06\/logo-yoast.jpg\" \/>\n\t<meta property=\"og:image:width\" content=\"1200\" \/>\n\t<meta property=\"og:image:height\" content=\"675\" \/>\n\t<meta property=\"og:image:type\" content=\"image\/jpeg\" \/>\n<meta name=\"twitter:card\" content=\"summary_large_image\" \/>\n<meta name=\"twitter:label1\" content=\"Gesch\u00e4tzte Lesezeit\" \/>\n\t<meta name=\"twitter:data1\" content=\"9\u00a0Minuten\" \/>\n<script type=\"application\/ld+json\" class=\"yoast-schema-graph\">{\"@context\":\"https:\\\/\\\/schema.org\",\"@graph\":[{\"@type\":\"WebPage\",\"@id\":\"https:\\\/\\\/www.megadancers.com\\\/condiciones-de-contratacion\\\/\",\"url\":\"https:\\\/\\\/www.megadancers.com\\\/condiciones-de-contratacion\\\/\",\"name\":\"Condiciones de Contrataci\u00f3n - MegaDancers: European Salsa League\",\"isPartOf\":{\"@id\":\"https:\\\/\\\/www.megadancers.com\\\/#website\"},\"datePublished\":\"2023-05-28T17:47:13+00:00\",\"dateModified\":\"2024-01-26T19:08:01+00:00\",\"breadcrumb\":{\"@id\":\"https:\\\/\\\/www.megadancers.com\\\/condiciones-de-contratacion\\\/#breadcrumb\"},\"inLanguage\":\"de\",\"potentialAction\":[{\"@type\":\"ReadAction\",\"target\":[\"https:\\\/\\\/www.megadancers.com\\\/condiciones-de-contratacion\\\/\"]}]},{\"@type\":\"BreadcrumbList\",\"@id\":\"https:\\\/\\\/www.megadancers.com\\\/condiciones-de-contratacion\\\/#breadcrumb\",\"itemListElement\":[{\"@type\":\"ListItem\",\"position\":1,\"name\":\"Inicio\",\"item\":\"https:\\\/\\\/www.megadancers.com\\\/\"},{\"@type\":\"ListItem\",\"position\":2,\"name\":\"Condiciones de Contrataci\u00f3n\"}]},{\"@type\":\"WebSite\",\"@id\":\"https:\\\/\\\/www.megadancers.com\\\/#website\",\"url\":\"https:\\\/\\\/www.megadancers.com\\\/\",\"name\":\"MegaDancers: European Salsa League\",\"description\":\"Competencia de baile de salsa en pareja y solistas\",\"publisher\":{\"@id\":\"https:\\\/\\\/www.megadancers.com\\\/#organization\"},\"alternateName\":\"Megadancers\",\"potentialAction\":[{\"@type\":\"SearchAction\",\"target\":{\"@type\":\"EntryPoint\",\"urlTemplate\":\"https:\\\/\\\/www.megadancers.com\\\/?s={search_term_string}\"},\"query-input\":{\"@type\":\"PropertyValueSpecification\",\"valueRequired\":true,\"valueName\":\"search_term_string\"}}],\"inLanguage\":\"de\"},{\"@type\":\"Organization\",\"@id\":\"https:\\\/\\\/www.megadancers.com\\\/#organization\",\"name\":\"MegaDancers\",\"url\":\"https:\\\/\\\/www.megadancers.com\\\/\",\"logo\":{\"@type\":\"ImageObject\",\"inLanguage\":\"de\",\"@id\":\"https:\\\/\\\/www.megadancers.com\\\/#\\\/schema\\\/logo\\\/image\\\/\",\"url\":\"https:\\\/\\\/www.megadancers.com\\\/wp-content\\\/uploads\\\/2023\\\/06\\\/Logo-MegaDancersSEO.png\",\"contentUrl\":\"https:\\\/\\\/www.megadancers.com\\\/wp-content\\\/uploads\\\/2023\\\/06\\\/Logo-MegaDancersSEO.png\",\"width\":512,\"height\":512,\"caption\":\"MegaDancers\"},\"image\":{\"@id\":\"https:\\\/\\\/www.megadancers.com\\\/#\\\/schema\\\/logo\\\/image\\\/\"},\"sameAs\":[\"https:\\\/\\\/www.facebook.com\\\/CanariasSalsaOpen\\\/\",\"https:\\\/\\\/www.instagram.com\\\/salsaopencanarias\\\/\"]}]}<\/script>\n<!-- \/ Yoast SEO plugin. -->","yoast_head_json":{"title":"Condiciones de Contrataci\u00f3n - MegaDancers: European Salsa League","robots":{"index":"index","follow":"follow","max-snippet":"max-snippet:-1","max-image-preview":"max-image-preview:large","max-video-preview":"max-video-preview:-1"},"canonical":"https:\/\/www.megadancers.com\/de\/condiciones-de-contratacion\/","og_locale":"de_DE","og_type":"article","og_title":"Condiciones de Contrataci\u00f3n - MegaDancers: European Salsa League","og_url":"https:\/\/www.megadancers.com\/de\/condiciones-de-contratacion\/","og_site_name":"MegaDancers: European Salsa League","article_publisher":"https:\/\/www.facebook.com\/CanariasSalsaOpen\/","article_modified_time":"2024-01-26T19:08:01+00:00","og_image":[{"width":1200,"height":675,"url":"https:\/\/www.megadancers.com\/wp-content\/uploads\/2023\/06\/logo-yoast.jpg","type":"image\/jpeg"}],"twitter_card":"summary_large_image","twitter_misc":{"Gesch\u00e4tzte Lesezeit":"9\u00a0Minuten"},"schema":{"@context":"https:\/\/schema.org","@graph":[{"@type":"WebPage","@id":"https:\/\/www.megadancers.com\/condiciones-de-contratacion\/","url":"https:\/\/www.megadancers.com\/condiciones-de-contratacion\/","name":"Condiciones de Contrataci\u00f3n - MegaDancers: European Salsa League","isPartOf":{"@id":"https:\/\/www.megadancers.com\/#website"},"datePublished":"2023-05-28T17:47:13+00:00","dateModified":"2024-01-26T19:08:01+00:00","breadcrumb":{"@id":"https:\/\/www.megadancers.com\/condiciones-de-contratacion\/#breadcrumb"},"inLanguage":"de","potentialAction":[{"@type":"ReadAction","target":["https:\/\/www.megadancers.com\/condiciones-de-contratacion\/"]}]},{"@type":"BreadcrumbList","@id":"https:\/\/www.megadancers.com\/condiciones-de-contratacion\/#breadcrumb","itemListElement":[{"@type":"ListItem","position":1,"name":"Inicio","item":"https:\/\/www.megadancers.com\/"},{"@type":"ListItem","position":2,"name":"Condiciones de Contrataci\u00f3n"}]},{"@type":"WebSite","@id":"https:\/\/www.megadancers.com\/#website","url":"https:\/\/www.megadancers.com\/","name":"MegaDancers: Europ\u00e4ische Salsa-Liga","description":"Salsa-Tanzwettbewerb f\u00fcr Paare und Solisten","publisher":{"@id":"https:\/\/www.megadancers.com\/#organization"},"alternateName":"Megadancers","potentialAction":[{"@type":"SearchAction","target":{"@type":"EntryPoint","urlTemplate":"https:\/\/www.megadancers.com\/?s={search_term_string}"},"query-input":{"@type":"PropertyValueSpecification","valueRequired":true,"valueName":"search_term_string"}}],"inLanguage":"de"},{"@type":"Organization","@id":"https:\/\/www.megadancers.com\/#organization","name":"MegaDancers","url":"https:\/\/www.megadancers.com\/","logo":{"@type":"ImageObject","inLanguage":"de","@id":"https:\/\/www.megadancers.com\/#\/schema\/logo\/image\/","url":"https:\/\/www.megadancers.com\/wp-content\/uploads\/2023\/06\/Logo-MegaDancersSEO.png","contentUrl":"https:\/\/www.megadancers.com\/wp-content\/uploads\/2023\/06\/Logo-MegaDancersSEO.png","width":512,"height":512,"caption":"MegaDancers"},"image":{"@id":"https:\/\/www.megadancers.com\/#\/schema\/logo\/image\/"},"sameAs":["https:\/\/www.facebook.com\/CanariasSalsaOpen\/","https:\/\/www.instagram.com\/salsaopencanarias\/"]}]}},"_links":{"self":[{"href":"https:\/\/www.megadancers.com\/de\/wp-json\/wp\/v2\/pages\/4133","targetHints":{"allow":["GET"]}}],"collection":[{"href":"https:\/\/www.megadancers.com\/de\/wp-json\/wp\/v2\/pages"}],"about":[{"href":"https:\/\/www.megadancers.com\/de\/wp-json\/wp\/v2\/types\/page"}],"author":[{"embeddable":true,"href":"https:\/\/www.megadancers.com\/de\/wp-json\/wp\/v2\/users\/1"}],"replies":[{"embeddable":true,"href":"https:\/\/www.megadancers.com\/de\/wp-json\/wp\/v2\/comments?post=4133"}],"version-history":[{"count":0,"href":"https:\/\/www.megadancers.com\/de\/wp-json\/wp\/v2\/pages\/4133\/revisions"}],"wp:attachment":[{"href":"https:\/\/www.megadancers.com\/de\/wp-json\/wp\/v2\/media?parent=4133"}],"curies":[{"name":"wp","href":"https:\/\/api.w.org\/{rel}","templated":true}]}}