{"id":4140,"date":"2023-05-28T18:56:22","date_gmt":"2023-05-28T17:56:22","guid":{"rendered":"https:\/\/www.megadancers.com\/?page_id=4140"},"modified":"2024-01-26T18:50:22","modified_gmt":"2024-01-26T18:50:22","slug":"politica-de-privacidad","status":"publish","type":"page","link":"https:\/\/www.megadancers.com\/de\/politica-de-privacidad\/","title":{"rendered":"Datenschutzbestimmungen"},"content":{"rendered":"<div class=\"fusion-fullwidth fullwidth-box fusion-builder-row-1 fusion-flex-container has-pattern-background has-mask-background nonhundred-percent-fullwidth non-hundred-percent-height-scrolling\" style=\"--awb-border-radius-top-left:0px;--awb-border-radius-top-right:0px;--awb-border-radius-bottom-right:0px;--awb-border-radius-bottom-left:0px;--awb-flex-wrap:wrap;\" ><div class=\"fusion-builder-row fusion-row fusion-flex-align-items-flex-start fusion-flex-content-wrap\" style=\"max-width:1248px;margin-left: calc(-4% \/ 2 );margin-right: calc(-4% \/ 2 );\"><div class=\"fusion-layout-column fusion_builder_column fusion-builder-column-0 fusion_builder_column_1_6 1_6 fusion-flex-column\" style=\"--awb-bg-size:cover;--awb-width-large:16.666666666667%;--awb-margin-top-large:0px;--awb-spacing-right-large:11.52%;--awb-margin-bottom-large:20px;--awb-spacing-left-large:11.52%;--awb-width-medium:16.666666666667%;--awb-order-medium:0;--awb-spacing-right-medium:11.52%;--awb-spacing-left-medium:11.52%;--awb-width-small:100%;--awb-order-small:0;--awb-spacing-right-small:1.92%;--awb-spacing-left-small:1.92%;\"><div class=\"fusion-column-wrapper fusion-column-has-shadow fusion-flex-justify-content-flex-start fusion-content-layout-column\"><\/div><\/div><div class=\"fusion-layout-column fusion_builder_column fusion-builder-column-1 fusion_builder_column_2_3 2_3 fusion-flex-column\" style=\"--awb-bg-size:cover;--awb-width-large:66.666666666667%;--awb-margin-top-large:0px;--awb-spacing-right-large:2.88%;--awb-margin-bottom-large:20px;--awb-spacing-left-large:2.88%;--awb-width-medium:66.666666666667%;--awb-order-medium:0;--awb-spacing-right-medium:2.88%;--awb-spacing-left-medium:2.88%;--awb-width-small:100%;--awb-order-small:0;--awb-spacing-right-small:1.92%;--awb-spacing-left-small:1.92%;\"><div class=\"fusion-column-wrapper fusion-column-has-shadow fusion-flex-justify-content-flex-start fusion-content-layout-column\"><div class=\"fusion-text fusion-text-1\"><p>In \u00dcbereinstimmung mit dem Organgesetz \u00fcber den Schutz personenbezogener Daten und die Gew\u00e4hrleistung digitaler Rechte (LOPDGDD 3\/2018) und der Allgemeinen Datenschutzverordnung (RGPD EU 2016\/679) stellen wir Ihnen die folgenden Informationen zur Verf\u00fcgung:<\/p>\n<p><b>GRUNDLEGENDE INFORMATIONEN ZUM DATENSCHUTZ<\/b><\/p>\n<table border=\"0\" width=\"584\" cellspacing=\"0\" cellpadding=\"2\" bgcolor=\"#333333\">\n<tbody>\n<tr>\n<td width=\"133\"><span style=\"color: #000000;\"><span style=\"font-size: medium;\">Verantwortlich:<\/span><\/span><\/td>\n<td width=\"443\"><span style=\"color: #000000;\"><span style=\"font-size: medium;\">MegaDancers: Europ\u00e4ische Salsa-Liga<\/span><\/span><\/td>\n<\/tr>\n<tr>\n<td width=\"133\"><span style=\"color: #000000;\"><span style=\"font-size: medium;\">Zweck:<\/span><\/span><\/td>\n<td width=\"443\"><span style=\"color: #000000;\"><span style=\"font-size: medium;\">Bearbeitung von Anfragen, die \u00fcber die Website gestellt werden, Verwaltung der \u00dcbermittlung von Informationen.<\/span><\/span><\/td>\n<\/tr>\n<tr>\n<td width=\"133\"><span style=\"color: #000000;\"><span style=\"font-size: medium;\">Legitimation:<\/span><\/span><\/td>\n<td width=\"443\"><span style=\"color: #000000;\"><span style=\"font-size: medium;\">Zustimmung der betroffenen Person.<\/span><\/span><\/td>\n<\/tr>\n<tr>\n<td width=\"133\"><span style=\"color: #000000;\"><span style=\"font-size: medium;\">Zielgruppe:<\/span><\/span><\/td>\n<td width=\"443\"><span style=\"color: #000000;\"><span style=\"font-size: medium;\">Eine Weitergabe der Daten an Dritte erfolgt nicht, es sei denn, wir sind dazu gesetzlich verpflichtet oder es ist zur Bearbeitung Ihrer Anfrage erforderlich.<\/span><\/span><\/td>\n<\/tr>\n<tr>\n<td width=\"133\"><span style=\"color: #000000;\"><span style=\"font-size: medium;\">Rechte:<\/span><\/span><\/td>\n<td width=\"443\"><span style=\"color: #000000;\"><span style=\"font-size: medium;\">Sie k\u00f6nnen Ihre Rechte auf Auskunft, Berichtigung, L\u00f6schung und Widerspruch, Einschr\u00e4nkung der Verarbeitung und Daten\u00fcbertragbarkeit aus\u00fcben.<\/span><\/span><\/td>\n<\/tr>\n<\/tbody>\n<\/table>\n<p><strong>WER WIRD MEINE DATEN VERARBEITEN?<\/strong><\/p>\n<p>Handelsname: MegaDancers: Europ\u00e4ische Salsa-Liga<br \/>\nName des Unternehmens: FJZA<br \/>\nMEHRWERTSTEUER-NR.: 42044357N<br \/>\nC\/Atenea 7 | 38296 San Crist\u00f3bal de La Laguna | Kanarische Inseln<br \/>\nE-Mail: hi@megadancers.com<\/p>\n<p><strong>WAS IST DER ZWECK DER VERARBEITUNG UND DIE RECHTSGRUNDLAGE F\u00dcR DIE VERARBEITUNG?<\/strong><\/p>\n<p>Bei MegaDancers: European Salsa League verarbeiten wir die Daten, die uns von den Interessenten zur Verf\u00fcgung gestellt werden, um ihre Informationsanfragen zu bearbeiten und die Dienste zu verwalten, die sie mit diesem Unternehmen verbinden.<\/p>\n<p>Die Rechtsgrundlage f\u00fcr die Verarbeitung Ihrer Daten ist die Zustimmung, die Sie durch die Annahme unserer Datenschutzrichtlinie geben.<\/p>\n<p>Um die f\u00fcr die Entwicklung der T\u00e4tigkeit unbedingt notwendigen Dienstleistungen zu erbringen, teilt tunera.es Daten mit den folgenden Anbietern unter deren entsprechenden Datenschutzbedingungen:<\/p>\n<p>Google Analytics: Analysedienst der Google Inc. 1600 Amphitheatre Parkway, Mountain View (California), CA 94043, USA. Google Analytics verwendet sog. \"Cookies\", Textdateien, die auf Ihrem Computer gespeichert werden. Die durch den Cookie erzeugten Informationen \u00fcber Ihre Benutzung von MegaDancers: European Salsa League (einschlie\u00dflich Ihrer IP-Adresse) werden an einen Server von Google in den USA \u00fcbertragen und dort gespeichert.<\/p>\n<p>Hosting: Strato Website &amp; Domains, mit Sitz in Deutschland. Er verarbeitet die Daten zum Zweck der Bereitstellung von Hosting-Diensten f\u00fcr tunera.es<\/p>\n<p>Web-Plattform: Word Press, mit Sitz in den USA. Sie verarbeitet die Daten zum Zweck der Bereitstellung ihrer Webplattformdienste f\u00fcr tunera.es. Mehr Informationen zur Anpassung an die RGPD https:\/\/wordpress.org\/about\/privacy\/<\/p>\n<p>Google Ads: Die Werbeplattform von Google. Wenn eine Anzeige von dieser Plattform generiert wird, kann die Zielgruppe nach folgenden Kriterien segmentiert werden:<\/p>\n<ul>\n<li>Ort<\/li>\n<li>Demografische Daten (Alter, Geschlecht, usw.)<\/li>\n<li>Interessen (Aktivit\u00e4ten, Hobbys usw.)<\/li>\n<li>Was sie im Internet und \u00fcber andere Kan\u00e4le kaufen<\/li>\n<li>Et cetera<\/li>\n<\/ul>\n<p>Die \u00fcber Google Ads erfassten Daten unterliegen den Datenschutzbestimmungen von Google https:\/\/policies.google.com\/technologies\/partner-sites.<\/p>\n<p>Unter keinen Umst\u00e4nden werden die Informationen von Google f\u00fcr andere Zwecke verwendet.<\/p>\n<p>Weitere Informationen finden Sie in unserer Cookie-Richtlinie.<\/p>\n<p><strong>WO WERDEN IHRE DATEN GESPEICHERT?<\/strong><\/p>\n<p>Hosting: Strato<br \/>\nAnschrift: Pascalstra\u00dfe 10, 10587 Berlin, Deutschland<br \/>\nCIF: DE 211 045 709<br \/>\nHosting der Website und der Datenbank, sowohl f\u00fcr MegaDancers: European Salsa League als auch f\u00fcr seine Kunden.<\/p>\n<p><strong>AN WEN WERDEN IHRE DATEN WEITERGEGEBEN?<\/strong><\/p>\n<p>Es werden keine Daten an Dritte weitergegeben, es sei denn, dies ist gesetzlich vorgeschrieben oder f\u00fcr die direkte Erf\u00fcllung Ihrer Anfrage notwendig.<\/p>\n<p><strong>WIE LANGE WERDEN WIR IHRE DATEN AUFBEWAHREN?<\/strong><\/p>\n<p>Die zur Verf\u00fcgung gestellten personenbezogenen Daten werden so lange aufbewahrt, wie die Beziehung zu diesem Unternehmen aufrechterhalten wird und ihre L\u00f6schung nicht vom Betroffenen verlangt wird.<\/p>\n<p><strong>WELCHE RECHTE HABEN SIE, WENN SIE UNS IHRE DATEN ZUR VERF\u00dcGUNG STELLEN, UND WO KANN ICH MEINE RECHTE WAHRNEHMEN?<\/strong><\/p>\n<p>Jede Person hat das Recht, eine Best\u00e4tigung dar\u00fcber zu erhalten, ob tunera.es sie betreffende personenbezogene Daten verarbeitet oder nicht. Die betroffenen Personen haben das Recht, Zugang zu ihren personenbezogenen Daten zu erhalten sowie die Berichtigung unrichtiger Daten oder gegebenenfalls deren L\u00f6schung zu verlangen, wenn die Daten unter anderem f\u00fcr die Zwecke, f\u00fcr die sie erhoben wurden, nicht mehr erforderlich sind. Unter bestimmten Umst\u00e4nden k\u00f6nnen die betroffenen Personen die Einschr\u00e4nkung der Verarbeitung ihrer Daten verlangen; in diesem Fall werden wir die Daten nur zur Geltendmachung oder Verteidigung von Anspr\u00fcchen aufbewahren.<\/p>\n<p>Unter bestimmten Umst\u00e4nden und aus Gr\u00fcnden, die mit ihrer besonderen Situation zusammenh\u00e4ngen, k\u00f6nnen die Betroffenen der Verarbeitung ihrer Daten widersprechen, woraufhin tunera.es die Verarbeitung der Daten einstellt, es sei denn, es liegen zwingende legitime Gr\u00fcnde vor oder es geht um die Aus\u00fcbung oder Verteidigung eventueller Anspr\u00fcche. Um Ihre Rechte auszu\u00fcben, m\u00fcssen Sie eine Mitteilung zusammen mit Ihrem Ausweisdokument an folgende Adresse schicken<\/p>\n<p>C\/Atenea 7 | 38296 San Crist\u00f3bal de La Laguna | Kanarische Inseln<br \/>\nhi@megadancers.com<\/p>\n<p>Der Nutzer kann die erteilte Einwilligung jederzeit unter folgender Adresse widerrufen: correo:hi@megadancers.com.<\/p>\n<p>Diese Website verf\u00fcgt \u00fcber ein SSL-Zertifikat. Dabei handelt es sich um ein Sicherheitsprotokoll, das die Daten\u00fcbertragung auf eine integrale und sichere Weise erm\u00f6glicht. Die \u00dcbertragung von Daten zwischen einem Server und Web-Benutzer, und in Feedback, ist vollst\u00e4ndig verschl\u00fcsselt oder verschl\u00fcsselt.<\/p>\n<p>Sie werden auch dar\u00fcber informiert, dass die betroffenen Personen das Recht haben, bei der Aufsichtsbeh\u00f6rde, der spanischen Datenschutzbeh\u00f6rde (Agencia Espa\u00f1ola de Protecci\u00f3n de Datos), eine Beschwerde einzureichen.<\/p>\n<\/div><\/div><\/div><div class=\"fusion-layout-column fusion_builder_column fusion-builder-column-2 fusion_builder_column_1_6 1_6 fusion-flex-column\" style=\"--awb-bg-size:cover;--awb-width-large:16.666666666667%;--awb-margin-top-large:0px;--awb-spacing-right-large:11.52%;--awb-margin-bottom-large:20px;--awb-spacing-left-large:11.52%;--awb-width-medium:16.666666666667%;--awb-order-medium:0;--awb-spacing-right-medium:11.52%;--awb-spacing-left-medium:11.52%;--awb-width-small:100%;--awb-order-small:0;--awb-spacing-right-small:1.92%;--awb-spacing-left-small:1.92%;\"><div class=\"fusion-column-wrapper fusion-column-has-shadow fusion-flex-justify-content-flex-start fusion-content-layout-column\"><\/div><\/div><\/div><\/div>","protected":false},"excerpt":{"rendered":"In \u00dcbereinstimmung mit dem Organgesetz \u00fcber den Schutz personenbezogener Daten und die Gew\u00e4hrleistung digitaler Rechte (LOPDGDD 3\/2018) und der Allgemeinen Datenschutzverordnung (RGPD EU 2016\/679) stellen wir Ihnen die folgenden Informationen zur Verf\u00fcgung: GRUNDINFORMATIONEN [...]","protected":false},"author":1,"featured_media":0,"parent":0,"menu_order":0,"comment_status":"closed","ping_status":"closed","template":"","meta":{"footnotes":""},"class_list":["post-4140","page","type-page","status-publish","hentry"],"yoast_head":"<!-- This site is optimized with the Yoast SEO plugin v27.4 - https:\/\/yoast.com\/product\/yoast-seo-wordpress\/ -->\n<title>Pol\u00edtica de Privacidad - MegaDancers: European Salsa League<\/title>\n<meta name=\"robots\" content=\"index, follow, max-snippet:-1, max-image-preview:large, max-video-preview:-1\" \/>\n<link rel=\"canonical\" href=\"https:\/\/www.megadancers.com\/de\/politica-de-privacidad\/\" \/>\n<meta property=\"og:locale\" content=\"de_DE\" \/>\n<meta property=\"og:type\" content=\"article\" \/>\n<meta property=\"og:title\" content=\"Pol\u00edtica de Privacidad - MegaDancers: European Salsa League\" \/>\n<meta property=\"og:url\" content=\"https:\/\/www.megadancers.com\/de\/politica-de-privacidad\/\" \/>\n<meta property=\"og:site_name\" content=\"MegaDancers: European Salsa League\" \/>\n<meta property=\"article:publisher\" content=\"https:\/\/www.facebook.com\/CanariasSalsaOpen\/\" \/>\n<meta property=\"article:modified_time\" content=\"2024-01-26T18:50:22+00:00\" \/>\n<meta property=\"og:image\" content=\"https:\/\/www.megadancers.com\/wp-content\/uploads\/2023\/06\/logo-yoast.jpg\" \/>\n\t<meta property=\"og:image:width\" content=\"1200\" \/>\n\t<meta property=\"og:image:height\" content=\"675\" \/>\n\t<meta property=\"og:image:type\" content=\"image\/jpeg\" \/>\n<meta name=\"twitter:card\" content=\"summary_large_image\" \/>\n<meta name=\"twitter:label1\" content=\"Gesch\u00e4tzte Lesezeit\" \/>\n\t<meta name=\"twitter:data1\" content=\"13\u00a0Minuten\" \/>\n<script type=\"application\/ld+json\" class=\"yoast-schema-graph\">{\"@context\":\"https:\\\/\\\/schema.org\",\"@graph\":[{\"@type\":\"WebPage\",\"@id\":\"https:\\\/\\\/www.megadancers.com\\\/politica-de-privacidad\\\/\",\"url\":\"https:\\\/\\\/www.megadancers.com\\\/politica-de-privacidad\\\/\",\"name\":\"Pol\u00edtica de Privacidad - MegaDancers: European Salsa League\",\"isPartOf\":{\"@id\":\"https:\\\/\\\/www.megadancers.com\\\/#website\"},\"datePublished\":\"2023-05-28T17:56:22+00:00\",\"dateModified\":\"2024-01-26T18:50:22+00:00\",\"breadcrumb\":{\"@id\":\"https:\\\/\\\/www.megadancers.com\\\/politica-de-privacidad\\\/#breadcrumb\"},\"inLanguage\":\"de\",\"potentialAction\":[{\"@type\":\"ReadAction\",\"target\":[\"https:\\\/\\\/www.megadancers.com\\\/politica-de-privacidad\\\/\"]}]},{\"@type\":\"BreadcrumbList\",\"@id\":\"https:\\\/\\\/www.megadancers.com\\\/politica-de-privacidad\\\/#breadcrumb\",\"itemListElement\":[{\"@type\":\"ListItem\",\"position\":1,\"name\":\"Inicio\",\"item\":\"https:\\\/\\\/www.megadancers.com\\\/\"},{\"@type\":\"ListItem\",\"position\":2,\"name\":\"Pol\u00edtica de Privacidad\"}]},{\"@type\":\"WebSite\",\"@id\":\"https:\\\/\\\/www.megadancers.com\\\/#website\",\"url\":\"https:\\\/\\\/www.megadancers.com\\\/\",\"name\":\"MegaDancers: European Salsa League\",\"description\":\"Competencia de baile de salsa en pareja y solistas\",\"publisher\":{\"@id\":\"https:\\\/\\\/www.megadancers.com\\\/#organization\"},\"alternateName\":\"Megadancers\",\"potentialAction\":[{\"@type\":\"SearchAction\",\"target\":{\"@type\":\"EntryPoint\",\"urlTemplate\":\"https:\\\/\\\/www.megadancers.com\\\/?s={search_term_string}\"},\"query-input\":{\"@type\":\"PropertyValueSpecification\",\"valueRequired\":true,\"valueName\":\"search_term_string\"}}],\"inLanguage\":\"de\"},{\"@type\":\"Organization\",\"@id\":\"https:\\\/\\\/www.megadancers.com\\\/#organization\",\"name\":\"MegaDancers\",\"url\":\"https:\\\/\\\/www.megadancers.com\\\/\",\"logo\":{\"@type\":\"ImageObject\",\"inLanguage\":\"de\",\"@id\":\"https:\\\/\\\/www.megadancers.com\\\/#\\\/schema\\\/logo\\\/image\\\/\",\"url\":\"https:\\\/\\\/www.megadancers.com\\\/wp-content\\\/uploads\\\/2023\\\/06\\\/Logo-MegaDancersSEO.png\",\"contentUrl\":\"https:\\\/\\\/www.megadancers.com\\\/wp-content\\\/uploads\\\/2023\\\/06\\\/Logo-MegaDancersSEO.png\",\"width\":512,\"height\":512,\"caption\":\"MegaDancers\"},\"image\":{\"@id\":\"https:\\\/\\\/www.megadancers.com\\\/#\\\/schema\\\/logo\\\/image\\\/\"},\"sameAs\":[\"https:\\\/\\\/www.facebook.com\\\/CanariasSalsaOpen\\\/\",\"https:\\\/\\\/www.instagram.com\\\/salsaopencanarias\\\/\"]}]}<\/script>\n<!-- \/ Yoast SEO plugin. -->","yoast_head_json":{"title":"Pol\u00edtica de Privacidad - MegaDancers: European Salsa League","robots":{"index":"index","follow":"follow","max-snippet":"max-snippet:-1","max-image-preview":"max-image-preview:large","max-video-preview":"max-video-preview:-1"},"canonical":"https:\/\/www.megadancers.com\/de\/politica-de-privacidad\/","og_locale":"de_DE","og_type":"article","og_title":"Pol\u00edtica de Privacidad - MegaDancers: European Salsa League","og_url":"https:\/\/www.megadancers.com\/de\/politica-de-privacidad\/","og_site_name":"MegaDancers: European Salsa League","article_publisher":"https:\/\/www.facebook.com\/CanariasSalsaOpen\/","article_modified_time":"2024-01-26T18:50:22+00:00","og_image":[{"width":1200,"height":675,"url":"https:\/\/www.megadancers.com\/wp-content\/uploads\/2023\/06\/logo-yoast.jpg","type":"image\/jpeg"}],"twitter_card":"summary_large_image","twitter_misc":{"Gesch\u00e4tzte Lesezeit":"13\u00a0Minuten"},"schema":{"@context":"https:\/\/schema.org","@graph":[{"@type":"WebPage","@id":"https:\/\/www.megadancers.com\/politica-de-privacidad\/","url":"https:\/\/www.megadancers.com\/politica-de-privacidad\/","name":"Pol\u00edtica de Privacidad - MegaDancers: European Salsa League","isPartOf":{"@id":"https:\/\/www.megadancers.com\/#website"},"datePublished":"2023-05-28T17:56:22+00:00","dateModified":"2024-01-26T18:50:22+00:00","breadcrumb":{"@id":"https:\/\/www.megadancers.com\/politica-de-privacidad\/#breadcrumb"},"inLanguage":"de","potentialAction":[{"@type":"ReadAction","target":["https:\/\/www.megadancers.com\/politica-de-privacidad\/"]}]},{"@type":"BreadcrumbList","@id":"https:\/\/www.megadancers.com\/politica-de-privacidad\/#breadcrumb","itemListElement":[{"@type":"ListItem","position":1,"name":"Inicio","item":"https:\/\/www.megadancers.com\/"},{"@type":"ListItem","position":2,"name":"Pol\u00edtica de Privacidad"}]},{"@type":"WebSite","@id":"https:\/\/www.megadancers.com\/#website","url":"https:\/\/www.megadancers.com\/","name":"MegaDancers: Europ\u00e4ische Salsa-Liga","description":"Salsa-Tanzwettbewerb f\u00fcr Paare und Solisten","publisher":{"@id":"https:\/\/www.megadancers.com\/#organization"},"alternateName":"Megadancers","potentialAction":[{"@type":"SearchAction","target":{"@type":"EntryPoint","urlTemplate":"https:\/\/www.megadancers.com\/?s={search_term_string}"},"query-input":{"@type":"PropertyValueSpecification","valueRequired":true,"valueName":"search_term_string"}}],"inLanguage":"de"},{"@type":"Organization","@id":"https:\/\/www.megadancers.com\/#organization","name":"MegaDancers","url":"https:\/\/www.megadancers.com\/","logo":{"@type":"ImageObject","inLanguage":"de","@id":"https:\/\/www.megadancers.com\/#\/schema\/logo\/image\/","url":"https:\/\/www.megadancers.com\/wp-content\/uploads\/2023\/06\/Logo-MegaDancersSEO.png","contentUrl":"https:\/\/www.megadancers.com\/wp-content\/uploads\/2023\/06\/Logo-MegaDancersSEO.png","width":512,"height":512,"caption":"MegaDancers"},"image":{"@id":"https:\/\/www.megadancers.com\/#\/schema\/logo\/image\/"},"sameAs":["https:\/\/www.facebook.com\/CanariasSalsaOpen\/","https:\/\/www.instagram.com\/salsaopencanarias\/"]}]}},"_links":{"self":[{"href":"https:\/\/www.megadancers.com\/de\/wp-json\/wp\/v2\/pages\/4140","targetHints":{"allow":["GET"]}}],"collection":[{"href":"https:\/\/www.megadancers.com\/de\/wp-json\/wp\/v2\/pages"}],"about":[{"href":"https:\/\/www.megadancers.com\/de\/wp-json\/wp\/v2\/types\/page"}],"author":[{"embeddable":true,"href":"https:\/\/www.megadancers.com\/de\/wp-json\/wp\/v2\/users\/1"}],"replies":[{"embeddable":true,"href":"https:\/\/www.megadancers.com\/de\/wp-json\/wp\/v2\/comments?post=4140"}],"version-history":[{"count":0,"href":"https:\/\/www.megadancers.com\/de\/wp-json\/wp\/v2\/pages\/4140\/revisions"}],"wp:attachment":[{"href":"https:\/\/www.megadancers.com\/de\/wp-json\/wp\/v2\/media?parent=4140"}],"curies":[{"name":"wp","href":"https:\/\/api.w.org\/{rel}","templated":true}]}}