{"id":4153,"date":"2023-05-28T19:12:23","date_gmt":"2023-05-28T18:12:23","guid":{"rendered":"https:\/\/www.megadancers.com\/?page_id=4153"},"modified":"2023-05-28T19:18:05","modified_gmt":"2023-05-28T18:18:05","slug":"politica-de-cookies-ue","status":"publish","type":"page","link":"https:\/\/www.megadancers.com\/de\/politica-de-cookies-ue\/","title":{"rendered":"Cookie-Richtlinie"},"content":{"rendered":"<div class=\"fusion-fullwidth fullwidth-box fusion-builder-row-1 fusion-flex-container has-pattern-background has-mask-background nonhundred-percent-fullwidth non-hundred-percent-height-scrolling\" style=\"--awb-border-radius-top-left:0px;--awb-border-radius-top-right:0px;--awb-border-radius-bottom-right:0px;--awb-border-radius-bottom-left:0px;--awb-flex-wrap:wrap;\" ><div class=\"fusion-builder-row fusion-row fusion-flex-align-items-flex-start fusion-flex-content-wrap\" style=\"max-width:1248px;margin-left: calc(-4% \/ 2 );margin-right: calc(-4% \/ 2 );\"><div class=\"fusion-layout-column fusion_builder_column fusion-builder-column-0 fusion_builder_column_1_6 1_6 fusion-flex-column\" style=\"--awb-bg-size:cover;--awb-width-large:16.666666666667%;--awb-margin-top-large:0px;--awb-spacing-right-large:11.52%;--awb-margin-bottom-large:20px;--awb-spacing-left-large:11.52%;--awb-width-medium:16.666666666667%;--awb-order-medium:0;--awb-spacing-right-medium:11.52%;--awb-spacing-left-medium:11.52%;--awb-width-small:100%;--awb-order-small:0;--awb-spacing-right-small:1.92%;--awb-spacing-left-small:1.92%;\"><div class=\"fusion-column-wrapper fusion-column-has-shadow fusion-flex-justify-content-flex-start fusion-content-layout-column\"><\/div><\/div><div class=\"fusion-layout-column fusion_builder_column fusion-builder-column-1 fusion_builder_column_2_3 2_3 fusion-flex-column\" style=\"--awb-bg-size:cover;--awb-width-large:66.666666666667%;--awb-margin-top-large:0px;--awb-spacing-right-large:2.88%;--awb-margin-bottom-large:20px;--awb-spacing-left-large:2.88%;--awb-width-medium:66.666666666667%;--awb-order-medium:0;--awb-spacing-right-medium:2.88%;--awb-spacing-left-medium:2.88%;--awb-width-small:100%;--awb-order-small:0;--awb-spacing-right-small:1.92%;--awb-spacing-left-small:1.92%;\"><div class=\"fusion-column-wrapper fusion-column-has-shadow fusion-flex-justify-content-flex-start fusion-content-layout-column\"><div class=\"fusion-text fusion-text-1\"><p><strong>COOKIES-POLITIK<\/strong><\/p>\n<p>Diese Cookie-Richtlinie wurde zuletzt am 26. Februar 2023 aktualisiert und gilt f\u00fcr B\u00fcrger und Personen mit st\u00e4ndigem rechtm\u00e4\u00dfigen Wohnsitz im Europ\u00e4ischen Wirtschaftsraum und in der Schweiz.<\/p>\n<p><strong>1. einleitung<\/strong><br \/>\nUnsere Website https:\/\/www.megadancers.com (im Folgenden: \"die Website\") verwendet Cookies und andere damit verbundene Technologien (der Einfachheit halber werden alle Technologien als \"Cookies\" bezeichnet). Cookies werden auch von Dritten gesetzt, mit denen wir einen Vertrag abgeschlossen haben. Im folgenden Dokument informieren wir Sie \u00fcber die Verwendung von Cookies auf unserer Website.<\/p>\n<p><strong>2) Was sind Cookies?<\/strong><br \/>\nEin Cookie ist eine kleine Datei, die zusammen mit den Seiten dieser Website gesendet und von Ihrem Browser auf der Festplatte Ihres Computers oder eines anderen Ger\u00e4ts gespeichert wird. Die gespeicherten Informationen k\u00f6nnen bei einem sp\u00e4teren Besuch an unsere Server oder an entsprechende Server von Dritten zur\u00fcckgesandt werden.<\/p>\n<p><strong>3. was sind Skripte?<\/strong><br \/>\nEin Skript ist ein St\u00fcck Programmcode, der dazu dient, dass unsere Website korrekt und interaktiv funktioniert. Dieser Code l\u00e4uft auf unserem Server oder auf Ihrem Ger\u00e4t.<\/p>\n<p><strong>4. was ist ein Web-Beacon?<\/strong><br \/>\nEin Web-Beacon (oder Pixel-Tag) ist ein kleines, unsichtbares St\u00fcck Text oder Bild auf einer Website, das dazu dient, den Verkehr auf einer Website zu \u00fcberwachen. Zu diesem Zweck werden verschiedene Daten \u00fcber Sie von diesen Web Beacons gespeichert.<\/p>\n<p><strong>5. Cookies<\/strong><br \/>\n5.1 Technische oder funktionale Cookies<br \/>\nEinige Cookies sorgen daf\u00fcr, dass bestimmte Teile der Website ordnungsgem\u00e4\u00df funktionieren und dass Ihre Benutzereinstellungen gespeichert werden. Indem wir funktionale Cookies setzen, erleichtern wir Ihnen den Besuch unserer Website. So m\u00fcssen Sie beim Besuch unserer Website nicht immer wieder dieselben Informationen eingeben und die Artikel bleiben beispielsweise in Ihrem Warenkorb, bis Sie bezahlt haben. Wir k\u00f6nnen diese Cookies ohne Ihre Zustimmung setzen.<br \/>\n5.2 Statistische Cookies<br \/>\nWir verwenden statistische Cookies, um die Nutzung der Website f\u00fcr unsere Nutzer zu optimieren. Mit diesen statistischen Cookies erhalten wir Informationen \u00fcber die Nutzung unserer Website. Wir bitten Sie um Ihre Erlaubnis, statistische Cookies zu setzen.<br \/>\n5.3 Marketing\/Tracking Cookies<br \/>\nMarketing-\/Tracking-Cookies sind Cookies oder andere Formen der lokalen Speicherung, die zur Erstellung von Benutzerprofilen f\u00fcr die Anzeige von Werbung oder zur Verfolgung des Benutzers auf dieser Website oder auf verschiedenen Websites f\u00fcr \u00e4hnliche Marketingzwecke verwendet werden.<br \/>\n5.4 Soziale Netzwerke<br \/>\nWir haben Instagram-Inhalte auf unserer Website eingebettet, um Websites zu bewerben (z. B. \"Gef\u00e4llt mir\", \"Pin\") oder zu teilen (z. B. \"Tweet\") in sozialen Netzwerken wie Instagram. Dieser Inhalt ist mit einem von Instagram abgeleiteten Code eingebettet und speichert Cookies. Diese Inhalte k\u00f6nnen bestimmte Informationen f\u00fcr personalisierte Werbung verarbeiten.<br \/>\nBitte lesen Sie die Datenschutzrichtlinien dieser sozialen Netzwerke (die sich h\u00e4ufig \u00e4ndern k\u00f6nnen), um herauszufinden, was sie mit Ihren (personenbezogenen) Daten machen, die sie mit diesen Cookies verarbeiten. Die Daten, die sie erhalten, werden so weit wie m\u00f6glich anonymisiert. Instagram hat seinen Sitz in den Vereinigten Staaten.<\/p>\n<p><strong>6. Verwendete Cookies<\/strong><br \/>\nGoogle-Schriftarten<br \/>\nMarketing\/Monitoring<br \/>\nGoogle reCAPTCHA<br \/>\nMarketing\/Monitoring, Funktional<br \/>\nYouTube<br \/>\nMarketing\/Monitoring, Funktional<br \/>\nInstagram<br \/>\nMarketing\/Monitoring<br \/>\nCompliance<br \/>\nFunktionell<\/p>\n<p><strong>7. Zustimmung<\/strong><br \/>\nWenn Sie unsere Website zum ersten Mal besuchen, wird Ihnen ein Pop-up-Fenster mit einer Erkl\u00e4rung zu Cookies angezeigt. Sobald Sie auf \"Einstellungen speichern\" klicken, erkl\u00e4ren Sie sich damit einverstanden, dass wir die Kategorien von Cookies und Plugins, die Sie im Pop-up-Fenster ausgew\u00e4hlt haben, wie in dieser Cookie-Richtlinie beschrieben verwenden. Sie k\u00f6nnen die Verwendung von Cookies \u00fcber Ihren Browser deaktivieren, aber beachten Sie bitte, dass unsere Website dann m\u00f6glicherweise nicht mehr richtig funktioniert.<br \/>\n7.1 Verwalten Sie Ihre Einwilligungseinstellungen<br \/>\nFunktionalImmer aktiv<br \/>\nStatistik<br \/>\nMarketing<\/p>\n<p><strong>8. Aktivieren\/Deaktivieren und L\u00f6schen von Cookies<\/strong><br \/>\nSie k\u00f6nnen Ihren Internet-Browser verwenden, um Cookies automatisch oder manuell zu l\u00f6schen. Sie k\u00f6nnen auch festlegen, dass bestimmte Cookies nicht gesetzt werden k\u00f6nnen. Alternativ k\u00f6nnen Sie Ihren Internet-Browser so einstellen, dass Sie jedes Mal, wenn ein Cookie gesetzt wird, eine Meldung erhalten. Weitere Informationen zu diesen Optionen finden Sie in den Anweisungen im Hilfebereich Ihres Browsers.<br \/>\nBitte beachten Sie, dass unsere Website m\u00f6glicherweise nicht richtig funktioniert, wenn alle Cookies deaktiviert sind. Wenn Sie Cookies aus Ihrem Browser l\u00f6schen, werden sie nach Ihrer Zustimmung erneut gesetzt, wenn Sie unsere Websites erneut besuchen.<\/p>\n<p><strong>9. Ihre Rechte in Bezug auf personenbezogene Daten<\/strong><br \/>\nSie haben die folgenden Rechte in Bezug auf Ihre pers\u00f6nlichen Daten:<br \/>\nSie haben das Recht zu erfahren, wozu Ihre personenbezogenen Daten ben\u00f6tigt werden, was mit ihnen geschieht und wie lange sie aufbewahrt werden.<br \/>\nAuskunftsrecht: Sie haben das Recht, die \u00fcber Sie gespeicherten personenbezogenen Daten einzusehen.<br \/>\nRecht auf Berichtigung: Sie haben jederzeit das Recht auf Erg\u00e4nzung, Berichtigung, L\u00f6schung oder Sperrung Ihrer personenbezogenen Daten.<br \/>\nWenn Sie uns Ihre Einwilligung zur Verarbeitung Ihrer Daten gegeben haben, haben Sie das Recht, diese Einwilligung zu widerrufen und Ihre personenbezogenen Daten l\u00f6schen zu lassen.<br \/>\nRecht auf Daten\u00fcbertragbarkeit: Sie haben das Recht, alle Ihre personenbezogenen Daten von dem f\u00fcr die Verarbeitung Verantwortlichen anzufordern und sie in vollem Umfang an einen anderen f\u00fcr die Verarbeitung Verantwortlichen zu \u00fcbermitteln.<br \/>\nRecht auf Widerspruch: Sie k\u00f6nnen der Verarbeitung Ihrer Daten widersprechen. Dem kommen wir nach, es sei denn, es liegen berechtigte Gr\u00fcnde f\u00fcr die Verarbeitung vor.<br \/>\nUm diese Rechte auszu\u00fcben, wenden Sie sich bitte an uns. Bitte beachten Sie die Kontaktdaten am Ende dieser Cookie-Richtlinie. Wenn Sie sich dar\u00fcber beschweren m\u00f6chten, wie wir Ihre Daten behandeln, w\u00fcrden wir uns freuen, von Ihnen zu h\u00f6ren. Sie haben aber auch das Recht, eine Beschwerde bei der Aufsichtsbeh\u00f6rde (der Datenschutzbeh\u00f6rde) einzureichen.<\/p>\n<p><strong>10. Kontaktangaben<\/strong><br \/>\nWenn Sie Fragen und\/oder Anmerkungen zu unserer Cookie-Richtlinie und dieser Erkl\u00e4rung haben, wenden Sie sich bitte an die nachstehenden Kontaktangaben:<br \/>\nMegaDancers: Europ\u00e4ische Salsa-Liga<br \/>\n7 Athena Stra\u00dfe<br \/>\n38296 San Crist\u00f3bal de La Laguna<br \/>\nKanarische Inseln<br \/>\nSpanien<br \/>\nWeb: https:\/\/www.megadancers.com<br \/>\nE-Mail: hi@megadancers.com<br \/>\nTelefonnummer: + 34 663 816 781<\/p>\n<p>Diese Cookie-Richtlinie wurde am 26\/02\/2023 mit cookiedatabase.org synchronisiert.<\/p>\n<\/div><\/div><\/div><div class=\"fusion-layout-column fusion_builder_column fusion-builder-column-2 fusion_builder_column_1_6 1_6 fusion-flex-column\" style=\"--awb-bg-size:cover;--awb-width-large:16.666666666667%;--awb-margin-top-large:0px;--awb-spacing-right-large:11.52%;--awb-margin-bottom-large:20px;--awb-spacing-left-large:11.52%;--awb-width-medium:16.666666666667%;--awb-order-medium:0;--awb-spacing-right-medium:11.52%;--awb-spacing-left-medium:11.52%;--awb-width-small:100%;--awb-order-small:0;--awb-spacing-right-small:1.92%;--awb-spacing-left-small:1.92%;\"><div class=\"fusion-column-wrapper fusion-column-has-shadow fusion-flex-justify-content-flex-start fusion-content-layout-column\"><\/div><\/div><\/div><\/div>","protected":false},"excerpt":{"rendered":"POL\u00cdTICA DE COOKIES Esta pol\u00edtica de cookies fue actualizada por \u00faltima vez el 26 febrero, 2023 y se aplica a los ciudadanos y residentes legales permanentes del Espacio Econ\u00f3mico Europeo y Suiza. 1. Introducci\u00f3n Nuestra web,\u00a0\u00a0https:\/\/www.megadancers.com(en adelante: \u00abla web\u00bb) utiliza [...]","protected":false},"author":1,"featured_media":0,"parent":0,"menu_order":0,"comment_status":"closed","ping_status":"closed","template":"","meta":{"footnotes":""},"class_list":["post-4153","page","type-page","status-publish","hentry"],"yoast_head":"<!-- This site is optimized with the Yoast SEO plugin v27.4 - https:\/\/yoast.com\/product\/yoast-seo-wordpress\/ -->\n<title>Pol\u00edtica de Cookies - MegaDancers: European Salsa League<\/title>\n<meta name=\"robots\" content=\"index, follow, max-snippet:-1, max-image-preview:large, max-video-preview:-1\" \/>\n<link rel=\"canonical\" href=\"https:\/\/www.megadancers.com\/de\/politica-de-cookies-ue\/\" \/>\n<meta property=\"og:locale\" content=\"de_DE\" \/>\n<meta property=\"og:type\" content=\"article\" \/>\n<meta property=\"og:title\" content=\"Pol\u00edtica de Cookies - MegaDancers: European Salsa League\" \/>\n<meta property=\"og:url\" content=\"https:\/\/www.megadancers.com\/de\/politica-de-cookies-ue\/\" \/>\n<meta property=\"og:site_name\" content=\"MegaDancers: European Salsa League\" \/>\n<meta property=\"article:publisher\" content=\"https:\/\/www.facebook.com\/CanariasSalsaOpen\/\" \/>\n<meta property=\"article:modified_time\" content=\"2023-05-28T18:18:05+00:00\" \/>\n<meta property=\"og:image\" content=\"https:\/\/www.megadancers.com\/wp-content\/uploads\/2023\/06\/logo-yoast.jpg\" \/>\n\t<meta property=\"og:image:width\" content=\"1200\" \/>\n\t<meta property=\"og:image:height\" content=\"675\" \/>\n\t<meta property=\"og:image:type\" content=\"image\/jpeg\" \/>\n<meta name=\"twitter:card\" content=\"summary_large_image\" \/>\n<meta name=\"twitter:label1\" content=\"Gesch\u00e4tzte Lesezeit\" \/>\n\t<meta name=\"twitter:data1\" content=\"14\u00a0Minuten\" \/>\n<script type=\"application\/ld+json\" class=\"yoast-schema-graph\">{\"@context\":\"https:\\\/\\\/schema.org\",\"@graph\":[{\"@type\":\"WebPage\",\"@id\":\"https:\\\/\\\/www.megadancers.com\\\/politica-de-cookies-ue\\\/\",\"url\":\"https:\\\/\\\/www.megadancers.com\\\/politica-de-cookies-ue\\\/\",\"name\":\"Pol\u00edtica de Cookies - MegaDancers: European Salsa League\",\"isPartOf\":{\"@id\":\"https:\\\/\\\/www.megadancers.com\\\/#website\"},\"datePublished\":\"2023-05-28T18:12:23+00:00\",\"dateModified\":\"2023-05-28T18:18:05+00:00\",\"breadcrumb\":{\"@id\":\"https:\\\/\\\/www.megadancers.com\\\/politica-de-cookies-ue\\\/#breadcrumb\"},\"inLanguage\":\"de\",\"potentialAction\":[{\"@type\":\"ReadAction\",\"target\":[\"https:\\\/\\\/www.megadancers.com\\\/politica-de-cookies-ue\\\/\"]}]},{\"@type\":\"BreadcrumbList\",\"@id\":\"https:\\\/\\\/www.megadancers.com\\\/politica-de-cookies-ue\\\/#breadcrumb\",\"itemListElement\":[{\"@type\":\"ListItem\",\"position\":1,\"name\":\"Inicio\",\"item\":\"https:\\\/\\\/www.megadancers.com\\\/\"},{\"@type\":\"ListItem\",\"position\":2,\"name\":\"Pol\u00edtica de Cookies\"}]},{\"@type\":\"WebSite\",\"@id\":\"https:\\\/\\\/www.megadancers.com\\\/#website\",\"url\":\"https:\\\/\\\/www.megadancers.com\\\/\",\"name\":\"MegaDancers: European Salsa League\",\"description\":\"Competencia de baile de salsa en pareja y solistas\",\"publisher\":{\"@id\":\"https:\\\/\\\/www.megadancers.com\\\/#organization\"},\"alternateName\":\"Megadancers\",\"potentialAction\":[{\"@type\":\"SearchAction\",\"target\":{\"@type\":\"EntryPoint\",\"urlTemplate\":\"https:\\\/\\\/www.megadancers.com\\\/?s={search_term_string}\"},\"query-input\":{\"@type\":\"PropertyValueSpecification\",\"valueRequired\":true,\"valueName\":\"search_term_string\"}}],\"inLanguage\":\"de\"},{\"@type\":\"Organization\",\"@id\":\"https:\\\/\\\/www.megadancers.com\\\/#organization\",\"name\":\"MegaDancers\",\"url\":\"https:\\\/\\\/www.megadancers.com\\\/\",\"logo\":{\"@type\":\"ImageObject\",\"inLanguage\":\"de\",\"@id\":\"https:\\\/\\\/www.megadancers.com\\\/#\\\/schema\\\/logo\\\/image\\\/\",\"url\":\"https:\\\/\\\/www.megadancers.com\\\/wp-content\\\/uploads\\\/2023\\\/06\\\/Logo-MegaDancersSEO.png\",\"contentUrl\":\"https:\\\/\\\/www.megadancers.com\\\/wp-content\\\/uploads\\\/2023\\\/06\\\/Logo-MegaDancersSEO.png\",\"width\":512,\"height\":512,\"caption\":\"MegaDancers\"},\"image\":{\"@id\":\"https:\\\/\\\/www.megadancers.com\\\/#\\\/schema\\\/logo\\\/image\\\/\"},\"sameAs\":[\"https:\\\/\\\/www.facebook.com\\\/CanariasSalsaOpen\\\/\",\"https:\\\/\\\/www.instagram.com\\\/salsaopencanarias\\\/\"]}]}<\/script>\n<!-- \/ Yoast SEO plugin. -->","yoast_head_json":{"title":"Pol\u00edtica de Cookies - MegaDancers: European Salsa League","robots":{"index":"index","follow":"follow","max-snippet":"max-snippet:-1","max-image-preview":"max-image-preview:large","max-video-preview":"max-video-preview:-1"},"canonical":"https:\/\/www.megadancers.com\/de\/politica-de-cookies-ue\/","og_locale":"de_DE","og_type":"article","og_title":"Pol\u00edtica de Cookies - MegaDancers: European Salsa League","og_url":"https:\/\/www.megadancers.com\/de\/politica-de-cookies-ue\/","og_site_name":"MegaDancers: European Salsa League","article_publisher":"https:\/\/www.facebook.com\/CanariasSalsaOpen\/","article_modified_time":"2023-05-28T18:18:05+00:00","og_image":[{"width":1200,"height":675,"url":"https:\/\/www.megadancers.com\/wp-content\/uploads\/2023\/06\/logo-yoast.jpg","type":"image\/jpeg"}],"twitter_card":"summary_large_image","twitter_misc":{"Gesch\u00e4tzte Lesezeit":"14\u00a0Minuten"},"schema":{"@context":"https:\/\/schema.org","@graph":[{"@type":"WebPage","@id":"https:\/\/www.megadancers.com\/politica-de-cookies-ue\/","url":"https:\/\/www.megadancers.com\/politica-de-cookies-ue\/","name":"Pol\u00edtica de Cookies - MegaDancers: European Salsa League","isPartOf":{"@id":"https:\/\/www.megadancers.com\/#website"},"datePublished":"2023-05-28T18:12:23+00:00","dateModified":"2023-05-28T18:18:05+00:00","breadcrumb":{"@id":"https:\/\/www.megadancers.com\/politica-de-cookies-ue\/#breadcrumb"},"inLanguage":"de","potentialAction":[{"@type":"ReadAction","target":["https:\/\/www.megadancers.com\/politica-de-cookies-ue\/"]}]},{"@type":"BreadcrumbList","@id":"https:\/\/www.megadancers.com\/politica-de-cookies-ue\/#breadcrumb","itemListElement":[{"@type":"ListItem","position":1,"name":"Inicio","item":"https:\/\/www.megadancers.com\/"},{"@type":"ListItem","position":2,"name":"Pol\u00edtica de Cookies"}]},{"@type":"WebSite","@id":"https:\/\/www.megadancers.com\/#website","url":"https:\/\/www.megadancers.com\/","name":"MegaDancers: Europ\u00e4ische Salsa-Liga","description":"Salsa-Tanzwettbewerb f\u00fcr Paare und Solisten","publisher":{"@id":"https:\/\/www.megadancers.com\/#organization"},"alternateName":"Megadancers","potentialAction":[{"@type":"SearchAction","target":{"@type":"EntryPoint","urlTemplate":"https:\/\/www.megadancers.com\/?s={search_term_string}"},"query-input":{"@type":"PropertyValueSpecification","valueRequired":true,"valueName":"search_term_string"}}],"inLanguage":"de"},{"@type":"Organization","@id":"https:\/\/www.megadancers.com\/#organization","name":"MegaDancers","url":"https:\/\/www.megadancers.com\/","logo":{"@type":"ImageObject","inLanguage":"de","@id":"https:\/\/www.megadancers.com\/#\/schema\/logo\/image\/","url":"https:\/\/www.megadancers.com\/wp-content\/uploads\/2023\/06\/Logo-MegaDancersSEO.png","contentUrl":"https:\/\/www.megadancers.com\/wp-content\/uploads\/2023\/06\/Logo-MegaDancersSEO.png","width":512,"height":512,"caption":"MegaDancers"},"image":{"@id":"https:\/\/www.megadancers.com\/#\/schema\/logo\/image\/"},"sameAs":["https:\/\/www.facebook.com\/CanariasSalsaOpen\/","https:\/\/www.instagram.com\/salsaopencanarias\/"]}]}},"_links":{"self":[{"href":"https:\/\/www.megadancers.com\/de\/wp-json\/wp\/v2\/pages\/4153","targetHints":{"allow":["GET"]}}],"collection":[{"href":"https:\/\/www.megadancers.com\/de\/wp-json\/wp\/v2\/pages"}],"about":[{"href":"https:\/\/www.megadancers.com\/de\/wp-json\/wp\/v2\/types\/page"}],"author":[{"embeddable":true,"href":"https:\/\/www.megadancers.com\/de\/wp-json\/wp\/v2\/users\/1"}],"replies":[{"embeddable":true,"href":"https:\/\/www.megadancers.com\/de\/wp-json\/wp\/v2\/comments?post=4153"}],"version-history":[{"count":0,"href":"https:\/\/www.megadancers.com\/de\/wp-json\/wp\/v2\/pages\/4153\/revisions"}],"wp:attachment":[{"href":"https:\/\/www.megadancers.com\/de\/wp-json\/wp\/v2\/media?parent=4153"}],"curies":[{"name":"wp","href":"https:\/\/api.w.org\/{rel}","templated":true}]}}