{"id":4153,"date":"2023-05-28T19:12:23","date_gmt":"2023-05-28T18:12:23","guid":{"rendered":"https:\/\/www.megadancers.com\/?page_id=4153"},"modified":"2023-05-28T19:18:05","modified_gmt":"2023-05-28T18:18:05","slug":"politica-de-cookies-ue","status":"publish","type":"page","link":"https:\/\/www.megadancers.com\/en\/politica-de-cookies-ue\/","title":{"rendered":"Cookie Policy"},"content":{"rendered":"<div class=\"fusion-fullwidth fullwidth-box fusion-builder-row-1 fusion-flex-container has-pattern-background has-mask-background nonhundred-percent-fullwidth non-hundred-percent-height-scrolling\" style=\"--awb-border-radius-top-left:0px;--awb-border-radius-top-right:0px;--awb-border-radius-bottom-right:0px;--awb-border-radius-bottom-left:0px;--awb-flex-wrap:wrap;\" ><div class=\"fusion-builder-row fusion-row fusion-flex-align-items-flex-start fusion-flex-content-wrap\" style=\"max-width:1248px;margin-left: calc(-4% \/ 2 );margin-right: calc(-4% \/ 2 );\"><div class=\"fusion-layout-column fusion_builder_column fusion-builder-column-0 fusion_builder_column_1_6 1_6 fusion-flex-column\" style=\"--awb-bg-size:cover;--awb-width-large:16.666666666667%;--awb-margin-top-large:0px;--awb-spacing-right-large:11.52%;--awb-margin-bottom-large:20px;--awb-spacing-left-large:11.52%;--awb-width-medium:16.666666666667%;--awb-order-medium:0;--awb-spacing-right-medium:11.52%;--awb-spacing-left-medium:11.52%;--awb-width-small:100%;--awb-order-small:0;--awb-spacing-right-small:1.92%;--awb-spacing-left-small:1.92%;\"><div class=\"fusion-column-wrapper fusion-column-has-shadow fusion-flex-justify-content-flex-start fusion-content-layout-column\"><\/div><\/div><div class=\"fusion-layout-column fusion_builder_column fusion-builder-column-1 fusion_builder_column_2_3 2_3 fusion-flex-column\" style=\"--awb-bg-size:cover;--awb-width-large:66.666666666667%;--awb-margin-top-large:0px;--awb-spacing-right-large:2.88%;--awb-margin-bottom-large:20px;--awb-spacing-left-large:2.88%;--awb-width-medium:66.666666666667%;--awb-order-medium:0;--awb-spacing-right-medium:2.88%;--awb-spacing-left-medium:2.88%;--awb-width-small:100%;--awb-order-small:0;--awb-spacing-right-small:1.92%;--awb-spacing-left-small:1.92%;\"><div class=\"fusion-column-wrapper fusion-column-has-shadow fusion-flex-justify-content-flex-start fusion-content-layout-column\"><div class=\"fusion-text fusion-text-1\"><p><strong>COOKIES POLICY<\/strong><\/p>\n<p>This cookie policy was last updated on 26 February, 2023 and applies to citizens and permanent legal residents of the European Economic Area and Switzerland.<\/p>\n<p><strong>1. Introduction<\/strong><br \/>\nOur website, https:\/\/www.megadancers.com (hereinafter: \"the website\") uses cookies and other related technologies (for convenience, all technologies are referred to as \"cookies\"). Cookies are also placed by third parties with whom we have contracted. In the following document we inform you about the use of cookies on our website.<\/p>\n<p><strong>2. What are cookies?<\/strong><br \/>\nA cookie is a small file that is sent along with the pages of this website and stored by your browser on the hard drive of your computer or other device. The stored information may be returned to our servers or to appropriate third party servers during a subsequent visit.<\/p>\n<p><strong>3. What are scripts?<\/strong><br \/>\nA script is a piece of program code that is used to make our website work correctly and interactively. This code runs on our server or on your device.<\/p>\n<p><strong>4. What is a web beacon?<\/strong><br \/>\nA web beacon (or pixel tag) is a small, invisible piece of text or image on a website that is used to monitor traffic on a website. To do this, various data about you is stored by these web beacons.<\/p>\n<p><strong>5. Cookies<\/strong><br \/>\n5.1 Technical or functional cookies<br \/>\nSome cookies ensure that certain parts of the website work properly and that your user preferences are remembered. By placing functional cookies, we make it easier for you to visit our website. This way, you do not need to repeatedly enter the same information when you visit our website and, for example, items remain in your shopping basket until you have paid. We may place these cookies without your consent.<br \/>\n5.2 Statistical cookies<br \/>\nWe use statistical cookies to optimise the website experience for our users. With these statistical cookies we obtain information about the use of our website. We ask your permission to place statistical cookies.<br \/>\n5.3 Marketing\/Tracking Cookies<br \/>\nMarketing\/tracking cookies are cookies, or any other form of local storage, used to create user profiles to display advertising or to track the user on this website or on various websites for similar marketing purposes.<br \/>\n5.4 Social networking<br \/>\nWe have embedded Instagram content on our website to promote websites (e.g. \"Like\", \"Pin\") or share (e.g. \"Tweet\") on social networks such as Instagram. This content is embedded with code derived from Instagram and stores cookies. This content may process certain information for personalised advertisements.<br \/>\nPlease read the privacy policy of these social networks (which may change frequently) to find out what they do with your (personal) data they process using these cookies. The data they receive is anonymised as much as possible. Instagram is located in the United States.<\/p>\n<p><strong>6. Cookies used<\/strong><br \/>\nGoogle Fonts<br \/>\nMarketing\/Monitoring<br \/>\nGoogle reCAPTCHA<br \/>\nMarketing\/Monitoring, Functional<br \/>\nYouTube<br \/>\nMarketing\/Monitoring, Functional<br \/>\nInstagram<br \/>\nMarketing\/Monitoring<br \/>\nComplianz<br \/>\nFunctional<\/p>\n<p><strong>7. Consent<\/strong><br \/>\nWhen you visit our website for the first time, we will show you a pop-up window with an explanation about cookies. As soon as you click \"Save preferences\", you agree to our use of the categories of cookies and plugins you have selected in the pop-up window, as described in this cookie policy. You can disable the use of cookies through your browser, but please note that our website may no longer function properly.<br \/>\n7.1 Manage your consent settings<br \/>\nFunctionalAlways active<br \/>\nStatistics<br \/>\nMarketing<\/p>\n<p><strong>8. Enabling\/disabling and deleting cookies<\/strong><br \/>\nYou can use your Internet browser to delete cookies automatically or manually. You can also specify that certain cookies cannot be placed. Alternatively, you can change your Internet browser settings so that you receive a message each time a cookie is placed. For more information on these options, please refer to the instructions in the \"Help\" section of your browser.<br \/>\nPlease note that our website may not function properly if all cookies are disabled. If you delete cookies from your browser, they will be placed again after your consent when you revisit our websites.<\/p>\n<p><strong>9. Your rights with regard to personal data<\/strong><br \/>\nYou have the following rights with respect to your personal data:<br \/>\nYou have the right to know why your personal data is needed, what will happen to it and how long it will be kept.<br \/>\nRight of access: you have the right to access the personal data we hold about you.<br \/>\nRight of rectification: you have the right to complete, rectify, delete or block your personal data at any time.<br \/>\nIf you give us your consent to process your data, you have the right to revoke this consent and to have your personal data deleted.<br \/>\nRight to transfer your data: you have the right to request all your personal data from the controller and to transfer it in full to another controller.<br \/>\nRight to object: You can object to the processing of your data. We comply with this, unless there are justified grounds for the processing.<br \/>\nTo exercise these rights, please contact us. Please see the contact details at the bottom of this cookie policy. If you have any complaints about how we handle your data, we would like to hear from you, but you also have the right to submit a complaint to the supervisory authority (the data protection authority).<\/p>\n<p><strong>10. Contact details<\/strong><br \/>\nFor questions and\/or comments about our cookie policy and this statement, please contact us using the contact details below:<br \/>\nMegaDancers: European Salsa League<br \/>\n7 Athena Street<br \/>\n38296 San Crist\u00f3bal de La Laguna<br \/>\nCanary Islands<br \/>\nSpain<br \/>\nWeb: https:\/\/www.megadancers.com<br \/>\nE-mail: hi@megadancers.com<br \/>\nTelephone Number: + 34 663 816 781<\/p>\n<p>This cookie policy has been synchronised with cookiedatabase.org on 26\/02\/2023<\/p>\n<\/div><\/div><\/div><div class=\"fusion-layout-column fusion_builder_column fusion-builder-column-2 fusion_builder_column_1_6 1_6 fusion-flex-column\" style=\"--awb-bg-size:cover;--awb-width-large:16.666666666667%;--awb-margin-top-large:0px;--awb-spacing-right-large:11.52%;--awb-margin-bottom-large:20px;--awb-spacing-left-large:11.52%;--awb-width-medium:16.666666666667%;--awb-order-medium:0;--awb-spacing-right-medium:11.52%;--awb-spacing-left-medium:11.52%;--awb-width-small:100%;--awb-order-small:0;--awb-spacing-right-small:1.92%;--awb-spacing-left-small:1.92%;\"><div class=\"fusion-column-wrapper fusion-column-has-shadow fusion-flex-justify-content-flex-start fusion-content-layout-column\"><\/div><\/div><\/div><\/div>","protected":false},"excerpt":{"rendered":"POL\u00cdTICA DE COOKIES Esta pol\u00edtica de cookies fue actualizada por \u00faltima vez el 26 febrero, 2023 y se aplica a los ciudadanos y residentes legales permanentes del Espacio Econ\u00f3mico Europeo y Suiza. 1. Introducci\u00f3n Nuestra web,\u00a0\u00a0https:\/\/www.megadancers.com(en adelante: \u00abla web\u00bb) utiliza [...]","protected":false},"author":1,"featured_media":0,"parent":0,"menu_order":0,"comment_status":"closed","ping_status":"closed","template":"","meta":{"footnotes":""},"class_list":["post-4153","page","type-page","status-publish","hentry"],"yoast_head":"<!-- This site is optimized with the Yoast SEO plugin v27.4 - https:\/\/yoast.com\/product\/yoast-seo-wordpress\/ -->\n<title>Pol\u00edtica de Cookies - MegaDancers: European Salsa League<\/title>\n<meta name=\"robots\" content=\"index, follow, max-snippet:-1, max-image-preview:large, max-video-preview:-1\" \/>\n<link rel=\"canonical\" href=\"https:\/\/www.megadancers.com\/en\/politica-de-cookies-ue\/\" \/>\n<meta property=\"og:locale\" content=\"en_GB\" \/>\n<meta property=\"og:type\" content=\"article\" \/>\n<meta property=\"og:title\" content=\"Pol\u00edtica de Cookies - MegaDancers: European Salsa League\" \/>\n<meta property=\"og:url\" content=\"https:\/\/www.megadancers.com\/en\/politica-de-cookies-ue\/\" \/>\n<meta property=\"og:site_name\" content=\"MegaDancers: European Salsa League\" \/>\n<meta property=\"article:publisher\" content=\"https:\/\/www.facebook.com\/CanariasSalsaOpen\/\" \/>\n<meta property=\"article:modified_time\" content=\"2023-05-28T18:18:05+00:00\" \/>\n<meta property=\"og:image\" content=\"https:\/\/www.megadancers.com\/wp-content\/uploads\/2023\/06\/logo-yoast.jpg\" \/>\n\t<meta property=\"og:image:width\" content=\"1200\" \/>\n\t<meta property=\"og:image:height\" content=\"675\" \/>\n\t<meta property=\"og:image:type\" content=\"image\/jpeg\" \/>\n<meta name=\"twitter:card\" content=\"summary_large_image\" \/>\n<meta name=\"twitter:label1\" content=\"Estimated reading time\" \/>\n\t<meta name=\"twitter:data1\" content=\"14 minutes\" \/>\n<script type=\"application\/ld+json\" class=\"yoast-schema-graph\">{\"@context\":\"https:\\\/\\\/schema.org\",\"@graph\":[{\"@type\":\"WebPage\",\"@id\":\"https:\\\/\\\/www.megadancers.com\\\/politica-de-cookies-ue\\\/\",\"url\":\"https:\\\/\\\/www.megadancers.com\\\/politica-de-cookies-ue\\\/\",\"name\":\"Pol\u00edtica de Cookies - MegaDancers: European Salsa League\",\"isPartOf\":{\"@id\":\"https:\\\/\\\/www.megadancers.com\\\/#website\"},\"datePublished\":\"2023-05-28T18:12:23+00:00\",\"dateModified\":\"2023-05-28T18:18:05+00:00\",\"breadcrumb\":{\"@id\":\"https:\\\/\\\/www.megadancers.com\\\/politica-de-cookies-ue\\\/#breadcrumb\"},\"inLanguage\":\"en-GB\",\"potentialAction\":[{\"@type\":\"ReadAction\",\"target\":[\"https:\\\/\\\/www.megadancers.com\\\/politica-de-cookies-ue\\\/\"]}]},{\"@type\":\"BreadcrumbList\",\"@id\":\"https:\\\/\\\/www.megadancers.com\\\/politica-de-cookies-ue\\\/#breadcrumb\",\"itemListElement\":[{\"@type\":\"ListItem\",\"position\":1,\"name\":\"Inicio\",\"item\":\"https:\\\/\\\/www.megadancers.com\\\/\"},{\"@type\":\"ListItem\",\"position\":2,\"name\":\"Pol\u00edtica de Cookies\"}]},{\"@type\":\"WebSite\",\"@id\":\"https:\\\/\\\/www.megadancers.com\\\/#website\",\"url\":\"https:\\\/\\\/www.megadancers.com\\\/\",\"name\":\"MegaDancers: European Salsa League\",\"description\":\"Competencia de baile de salsa en pareja y solistas\",\"publisher\":{\"@id\":\"https:\\\/\\\/www.megadancers.com\\\/#organization\"},\"alternateName\":\"Megadancers\",\"potentialAction\":[{\"@type\":\"SearchAction\",\"target\":{\"@type\":\"EntryPoint\",\"urlTemplate\":\"https:\\\/\\\/www.megadancers.com\\\/?s={search_term_string}\"},\"query-input\":{\"@type\":\"PropertyValueSpecification\",\"valueRequired\":true,\"valueName\":\"search_term_string\"}}],\"inLanguage\":\"en-GB\"},{\"@type\":\"Organization\",\"@id\":\"https:\\\/\\\/www.megadancers.com\\\/#organization\",\"name\":\"MegaDancers\",\"url\":\"https:\\\/\\\/www.megadancers.com\\\/\",\"logo\":{\"@type\":\"ImageObject\",\"inLanguage\":\"en-GB\",\"@id\":\"https:\\\/\\\/www.megadancers.com\\\/#\\\/schema\\\/logo\\\/image\\\/\",\"url\":\"https:\\\/\\\/www.megadancers.com\\\/wp-content\\\/uploads\\\/2023\\\/06\\\/Logo-MegaDancersSEO.png\",\"contentUrl\":\"https:\\\/\\\/www.megadancers.com\\\/wp-content\\\/uploads\\\/2023\\\/06\\\/Logo-MegaDancersSEO.png\",\"width\":512,\"height\":512,\"caption\":\"MegaDancers\"},\"image\":{\"@id\":\"https:\\\/\\\/www.megadancers.com\\\/#\\\/schema\\\/logo\\\/image\\\/\"},\"sameAs\":[\"https:\\\/\\\/www.facebook.com\\\/CanariasSalsaOpen\\\/\",\"https:\\\/\\\/www.instagram.com\\\/salsaopencanarias\\\/\"]}]}<\/script>\n<!-- \/ Yoast SEO plugin. -->","yoast_head_json":{"title":"Pol\u00edtica de Cookies - MegaDancers: European Salsa League","robots":{"index":"index","follow":"follow","max-snippet":"max-snippet:-1","max-image-preview":"max-image-preview:large","max-video-preview":"max-video-preview:-1"},"canonical":"https:\/\/www.megadancers.com\/en\/politica-de-cookies-ue\/","og_locale":"en_GB","og_type":"article","og_title":"Pol\u00edtica de Cookies - MegaDancers: European Salsa League","og_url":"https:\/\/www.megadancers.com\/en\/politica-de-cookies-ue\/","og_site_name":"MegaDancers: European Salsa League","article_publisher":"https:\/\/www.facebook.com\/CanariasSalsaOpen\/","article_modified_time":"2023-05-28T18:18:05+00:00","og_image":[{"width":1200,"height":675,"url":"https:\/\/www.megadancers.com\/wp-content\/uploads\/2023\/06\/logo-yoast.jpg","type":"image\/jpeg"}],"twitter_card":"summary_large_image","twitter_misc":{"Estimated reading time":"14 minutes"},"schema":{"@context":"https:\/\/schema.org","@graph":[{"@type":"WebPage","@id":"https:\/\/www.megadancers.com\/politica-de-cookies-ue\/","url":"https:\/\/www.megadancers.com\/politica-de-cookies-ue\/","name":"Pol\u00edtica de Cookies - MegaDancers: European Salsa League","isPartOf":{"@id":"https:\/\/www.megadancers.com\/#website"},"datePublished":"2023-05-28T18:12:23+00:00","dateModified":"2023-05-28T18:18:05+00:00","breadcrumb":{"@id":"https:\/\/www.megadancers.com\/politica-de-cookies-ue\/#breadcrumb"},"inLanguage":"en-GB","potentialAction":[{"@type":"ReadAction","target":["https:\/\/www.megadancers.com\/politica-de-cookies-ue\/"]}]},{"@type":"BreadcrumbList","@id":"https:\/\/www.megadancers.com\/politica-de-cookies-ue\/#breadcrumb","itemListElement":[{"@type":"ListItem","position":1,"name":"Inicio","item":"https:\/\/www.megadancers.com\/"},{"@type":"ListItem","position":2,"name":"Pol\u00edtica de Cookies"}]},{"@type":"WebSite","@id":"https:\/\/www.megadancers.com\/#website","url":"https:\/\/www.megadancers.com\/","name":"MegaDancers: European Salsa League","description":"Salsa dance competition for couples and soloists","publisher":{"@id":"https:\/\/www.megadancers.com\/#organization"},"alternateName":"Megadancers","potentialAction":[{"@type":"SearchAction","target":{"@type":"EntryPoint","urlTemplate":"https:\/\/www.megadancers.com\/?s={search_term_string}"},"query-input":{"@type":"PropertyValueSpecification","valueRequired":true,"valueName":"search_term_string"}}],"inLanguage":"en-GB"},{"@type":"Organization","@id":"https:\/\/www.megadancers.com\/#organization","name":"MegaDancers","url":"https:\/\/www.megadancers.com\/","logo":{"@type":"ImageObject","inLanguage":"en-GB","@id":"https:\/\/www.megadancers.com\/#\/schema\/logo\/image\/","url":"https:\/\/www.megadancers.com\/wp-content\/uploads\/2023\/06\/Logo-MegaDancersSEO.png","contentUrl":"https:\/\/www.megadancers.com\/wp-content\/uploads\/2023\/06\/Logo-MegaDancersSEO.png","width":512,"height":512,"caption":"MegaDancers"},"image":{"@id":"https:\/\/www.megadancers.com\/#\/schema\/logo\/image\/"},"sameAs":["https:\/\/www.facebook.com\/CanariasSalsaOpen\/","https:\/\/www.instagram.com\/salsaopencanarias\/"]}]}},"_links":{"self":[{"href":"https:\/\/www.megadancers.com\/en\/wp-json\/wp\/v2\/pages\/4153","targetHints":{"allow":["GET"]}}],"collection":[{"href":"https:\/\/www.megadancers.com\/en\/wp-json\/wp\/v2\/pages"}],"about":[{"href":"https:\/\/www.megadancers.com\/en\/wp-json\/wp\/v2\/types\/page"}],"author":[{"embeddable":true,"href":"https:\/\/www.megadancers.com\/en\/wp-json\/wp\/v2\/users\/1"}],"replies":[{"embeddable":true,"href":"https:\/\/www.megadancers.com\/en\/wp-json\/wp\/v2\/comments?post=4153"}],"version-history":[{"count":0,"href":"https:\/\/www.megadancers.com\/en\/wp-json\/wp\/v2\/pages\/4153\/revisions"}],"wp:attachment":[{"href":"https:\/\/www.megadancers.com\/en\/wp-json\/wp\/v2\/media?parent=4153"}],"curies":[{"name":"wp","href":"https:\/\/api.w.org\/{rel}","templated":true}]}}