{"id":4133,"date":"2023-05-28T18:47:13","date_gmt":"2023-05-28T17:47:13","guid":{"rendered":"https:\/\/www.megadancers.com\/?page_id=4133"},"modified":"2024-01-26T19:08:01","modified_gmt":"2024-01-26T19:08:01","slug":"condiciones-de-contratacion","status":"publish","type":"page","link":"https:\/\/www.megadancers.com\/it\/condiciones-de-contratacion\/","title":{"rendered":"Termini e condizioni"},"content":{"rendered":"<div class=\"fusion-fullwidth fullwidth-box fusion-builder-row-1 fusion-flex-container has-pattern-background has-mask-background nonhundred-percent-fullwidth non-hundred-percent-height-scrolling\" style=\"--awb-border-radius-top-left:0px;--awb-border-radius-top-right:0px;--awb-border-radius-bottom-right:0px;--awb-border-radius-bottom-left:0px;--awb-flex-wrap:wrap;\" ><div class=\"fusion-builder-row fusion-row fusion-flex-align-items-flex-start fusion-flex-content-wrap\" style=\"max-width:1248px;margin-left: calc(-4% \/ 2 );margin-right: calc(-4% \/ 2 );\"><div class=\"fusion-layout-column fusion_builder_column fusion-builder-column-0 fusion_builder_column_1_6 1_6 fusion-flex-column\" style=\"--awb-bg-size:cover;--awb-width-large:16.666666666667%;--awb-margin-top-large:0px;--awb-spacing-right-large:11.52%;--awb-margin-bottom-large:20px;--awb-spacing-left-large:11.52%;--awb-width-medium:16.666666666667%;--awb-order-medium:0;--awb-spacing-right-medium:11.52%;--awb-spacing-left-medium:11.52%;--awb-width-small:100%;--awb-order-small:0;--awb-spacing-right-small:1.92%;--awb-spacing-left-small:1.92%;\"><div class=\"fusion-column-wrapper fusion-column-has-shadow fusion-flex-justify-content-flex-start fusion-content-layout-column\"><\/div><\/div><div class=\"fusion-layout-column fusion_builder_column fusion-builder-column-1 fusion_builder_column_2_3 2_3 fusion-flex-column\" style=\"--awb-bg-size:cover;--awb-width-large:66.666666666667%;--awb-margin-top-large:0px;--awb-spacing-right-large:2.88%;--awb-margin-bottom-large:20px;--awb-spacing-left-large:2.88%;--awb-width-medium:66.666666666667%;--awb-order-medium:0;--awb-spacing-right-medium:2.88%;--awb-spacing-left-medium:2.88%;--awb-width-small:100%;--awb-order-small:0;--awb-spacing-right-small:1.92%;--awb-spacing-left-small:1.92%;\"><div class=\"fusion-column-wrapper fusion-column-has-shadow fusion-flex-justify-content-flex-start fusion-content-layout-column\"><div class=\"fusion-text fusion-text-1\"><p><strong>INFORMAZIONI PRIMA DEL PROCESSO CONTRATTUALE<\/strong><\/p>\n<p>Questo sito web https:\/\/www,megadancers.com \u00e8 di propriet\u00e0 di MegaDancers: European Salsa League con NIF 42044357N e indirizzo fiscale in Calle Atenea, 7 - 38296 San Crist\u00f3bal de La Laguna, che agisce commercialmente con il marchio MegaDancers: European Salsa League.<\/p>\n<p>Le Condizioni Generali regolano il rapporto di vendita a distanza tra MegaDancers: European Salsa League e l'utente o cliente, in conformit\u00e0 con le disposizioni di legge, in particolare la Legge 7\/1998, del 13 aprile, sulle Condizioni Generali di Contratto, la Legge Generale per la Difesa dei Consumatori e degli Utenti e le altre leggi complementari approvate dal Regio Decreto Legislativo 1\/2007, del 16 novembre, la Legge 3\/2014, del 27 marzo, che modifica il testo rivisto della Legge Generale per la Difesa dei Consumatori e degli Utenti, Legge 7\/1996 del 15 gennaio 1996 sulla regolamentazione del commercio al dettaglio, Regolamento (UE) 2016\/679 del Parlamento europeo e del Consiglio del 27 aprile 2016 (RGPD), Legge organica 3\/2018 sulla protezione dei dati personali e la garanzia dei diritti digitali e Legge 34\/2002 dell'11 luglio 2002 sui servizi della societ\u00e0 dell'informazione e il commercio elettronico.<\/p>\n<p>MegaDancers: European Salsa League si riserva il diritto di apportare alle Condizioni Generali le modifiche che riterr\u00e0 opportune, senza preavviso. Tali modifiche potranno essere apportate, attraverso i propri siti web, con qualsiasi mezzo ammesso dalla legge e saranno vincolanti per tutto il tempo in cui saranno pubblicate sul sito e fino a quando non saranno validamente modificate da quelle successive. Tuttavia, MegaDancers: European Salsa League si riserva il diritto di applicare, in determinati casi, Condizioni Speciali di Contratto a preferenza delle presenti Condizioni Generali, qualora lo ritenga opportuno, annunciandole in tempo utile e in forma adeguata.<\/p>\n<p>Lo scopo del sito \u00e8 la vendita online di voucher e biglietti individuali e di gruppo.<\/p>\n<p>La durata del contratto \u00e8 legata allo svolgimento dell'evento, fatto salvo il diritto di recesso.<\/p>\n<p>In qualit\u00e0 di utente o cliente, l'utente dichiara espressamente di conoscere, comprendere e accettare le condizioni di utilizzo e i presenti termini e condizioni generali di contratto. Allo stesso modo, dichiarate di essere maggiorenni e di avere la capacit\u00e0 giuridica e di agire necessaria per accedere ai siti web di MegaDancers: European Salsa League e per contrattare attraverso di essi.<\/p>\n<p>Per procedere all'acquisto dei biglietti, \u00e8 possibile accedere alla sezione corrispondente del nostro negozio online.<\/p>\n<p>Per effettuare l'acquisto online \u00e8 indispensabile registrarsi come utente del sito. \u00c8 possibile accedere alla sezione corrispondente per la registrazione sul sito stesso. In conformit\u00e0 alle disposizioni del Regolamento (UE) 2016\/679 del Parlamento Europeo e del Consiglio del 27 aprile 2016 in materia di protezione dei dati personali, MegaDancers: European Salsa League informa gli utenti che i dati personali raccolti durante il processo di registrazione e il successivo acquisto, saranno inseriti in un archivio sotto la propria responsabilit\u00e0, al fine di elaborare tali azioni da parte dell'utente e gestire le successive azioni da esse derivanti. Allo stesso modo, MegaDancers: European Salsa League informa della possibilit\u00e0 di esercitare i diritti di accesso, rettifica, cancellazione e opposizione scrivendo all'indirizzo Calle Atenea, 7 - 38296 San Crist\u00f3bal de La Laguna o via e-mail a hi@megadancers.com.<\/p>\n<p>A meno che non ci comunichiate il contrario, presumiamo che i vostri dati non siano stati modificati, che vi impegniate a comunicarci qualsiasi cambiamento e che abbiamo il vostro consenso per utilizzarli ai fini del mantenimento del rapporto tra le parti.<\/p>\n<p>Durante il processo di acquisto \u00e8 necessario identificarsi con il proprio nome e i propri dati identificativi. Questi dati non saranno resi pubblici. L'utente \u00e8 tenuto a trattare in modo riservato e responsabile l'identit\u00e0 e la password ottenute durante la registrazione come cliente e non pu\u00f2 trasmetterle a nessun altro.<\/p>\n<p>\u00c8 possibile modificare le informazioni registrate in qualsiasi momento, nell'area clienti della piattaforma di vendita Weezevent se si \u00e8 un utente registrato. Nella stessa sezione, avrete accesso allo storico dei vostri acquisti.<\/p>\n<p>Una volta completato il processo di acquisto, il cliente ricever\u00e0 una conferma dell'acquisto tramite e-mail, SMS o messaggio Whatsapp. \u00c8 essenziale che durante il processo di acquisto l'utente indichi un indirizzo e-mail e un numero di telefono validi. Se non si riceve la conferma entro 24 ore dal completamento dell'ordine, si prega di contattare MegaDancers: European Salsa League al numero di telefono del servizio clienti + 34 663 816 781 o all'indirizzo e-mail hi@megadancers.com.<\/p>\n<p>Tutti i contenuti del sito sono in spagnolo.<\/p>\n<p><strong>OFFERTA E VALIDIT\u00c0<\/strong><\/p>\n<p>In conformit\u00e0 alla normativa vigente, MegaDancers: European Salsa League fornisce informazioni su tutti gli eventi e le attivit\u00e0, sulle loro caratteristiche e sui prezzi. Tuttavia, MegaDancers: European Salsa League si riserva il diritto di ritirare o modificare le attivit\u00e0 offerte attraverso il proprio sito web, semplicemente cambiandone il contenuto. In questo modo, le attivit\u00e0 offerte in qualsiasi momento dal sito web saranno regolate dalle Condizioni Generali di Contratto in vigore in ciascun caso. Allo stesso modo, la societ\u00e0 avr\u00e0 il diritto di smettere di offrire, senza preavviso e in qualsiasi momento, l'accesso alle suddette attivit\u00e0.<\/p>\n<p><strong>CARATTERISTICHE ESSENZIALI<\/strong><\/p>\n<p>Gli eventi e le attivit\u00e0 proposte nel nostro negozio online includono date e orari, caratteristiche e contenuti previsti per ciascuno di essi.<\/p>\n<p>Per prendere parte alle attivit\u00e0, tutti i partecipanti devono conoscere, osservare e rispettare le seguenti regole e istruzioni:<\/p>\n<p>1.- In caso di incidenti di qualsiasi tipo, dovuti al mancato rispetto delle regole e delle istruzioni qui di seguito riportate, la societ\u00e0 organizzatrice non potr\u00e0 essere ritenuta responsabile dei danni che il cliente pu\u00f2 aver causato, sia a propriet\u00e0 private, sia a terzi, sia a se stesso.<\/p>\n<p>2.- La societ\u00e0 organizzatrice dispone delle assicurazioni necessarie richieste dalla legge per poter svolgere gli eventi e le attivit\u00e0. Tali assicurazioni saranno stipulate solo se saranno rispettate le indicazioni contenute nel presente manuale.<\/p>\n<p>3.- Le istruzioni fornite dal personale di sicurezza e di produzione dell'attivit\u00e0 devono essere seguite alla lettera in ogni momento.<\/p>\n<p>4.- Il mancato rispetto della regola di cui sopra pu\u00f2 comportare l'espulsione immediata dalla sede o dai locali, senza che il denaro venga restituito a nessuno dei partecipanti interessati.<\/p>\n<p>5.- Per accedere all'evento o alle attivit\u00e0 sar\u00e0 necessario che i clienti presentino i documenti di acquisto (fisici o digitali), una volta pagato il costo totale del contratto.<\/p>\n<p>6.- Sebbene la legge non lo richieda, in alcuni eventi e attivit\u00e0 le assicurazioni richiedono l'autorizzazione del genitore o del tutore, nel caso in cui il partecipante sia minorenne. Al momento di contrattare l'attivit\u00e0 sarete informati se necessario.<\/p>\n<p>7.- La contrattazione delle attivit\u00e0 implica l'accettazione delle presenti istruzioni e regole.<\/p>\n<p><strong>PREZZI<\/strong><\/p>\n<p>Tutte le attivit\u00e0 indicano il prezzo di vendita in euro e includono l'Imposta Indiretta Generale delle Canarie (IGIC). Se sono applicabili altre tasse, supplementi o commissioni di vendita, saranno indicate.<\/p>\n<p><strong>MODALIT\u00c0 DI PAGAMENTO E DI ESECUZIONE DELL'ORDINE<\/strong><\/p>\n<p>\u00c8 necessario indicare la propria scelta durante il processo di acquisto:<\/p>\n<p><strong>Carta di credito VISA o MASTERCARD<\/strong><\/p>\n<p>Tutte le operazioni che comportano la trasmissione di dati personali o bancari vengono effettuate in un ambiente sicuro, un server basato sulla tecnologia di sicurezza standard SSL (Secure Sockets Layer). Tutte le informazioni che ci trasmettete viaggiano criptate sulla rete.<\/p>\n<p>I dati della carta di credito vengono inoltre inseriti direttamente sulla piattaforma di vendita Weezevent sul POS (Point of Sale Terminal) e non vengono inseriti o registrati su alcun server di MegaDancers: European Salsa League.<\/p>\n<p>In caso di pagamento con VISA o MASTERCARD, vi verranno sempre richieste le seguenti informazioni: il numero della carta, la data di scadenza e un Codice di Convalida che corrisponde alle ultime tre cifre del numero stampato in corsivo sul retro della vostra VISA o MASTERCARD, offrendo cos\u00ec maggiori garanzie sulla sicurezza della transazione.<\/p>\n<p>Questo metodo di pagamento \u00e8 valido solo sul sito web.<\/p>\n<p>Quando l'importo di un acquisto \u00e8 stato addebitato in modo fraudolento o improprio utilizzando il numero di una carta di pagamento, il titolare della carta pu\u00f2 richiedere l'immediata cancellazione dell'addebito. In tal caso, le relative registrazioni di addebito e riaccredito saranno effettuate il prima possibile sui conti del fornitore e del titolare della carta.<\/p>\n<p>Tuttavia, se l'acquisto era stato effettivamente effettuato dal titolare della carta e la richiesta di rimborso non era il risultato dell'esercizio del diritto di recesso o di risoluzione e, pertanto, aveva indebitamente richiesto l'annullamento dell'addebito corrispondente, il titolare della carta sar\u00e0 responsabile nei confronti di MegaDancers: European Salsa League per il risarcimento dei danni causati da tale annullamento.<\/p>\n<p><strong>DIRITTO DI RIMBORSO E RECLAMI<\/strong><\/p>\n<ul>\n<li>Cancellazione<\/li>\n<\/ul>\n<p>Da parte dell'azienda:<\/p>\n<p>Nel caso in cui l'evento o le attivit\u00e0 non possano svolgersi a causa di problemi meteorologici (decisione presa dalla societ\u00e0 organizzatrice), il cliente avr\u00e0 il diritto di concordare un'altra data per l'attivit\u00e0 o di richiedere il rimborso della prenotazione.<\/p>\n<p>In nessun caso si accetter\u00e0 un rinvio a causa delle condizioni non idonee del domicilio del cliente. Chi non si presenta sul luogo dell'attivit\u00e0 a causa del maltempo perder\u00e0 il diritto di svolgere l'attivit\u00e0.<\/p>\n<ul>\n<li>Rimborso del pagamento<\/li>\n<\/ul>\n<p>Il rimborso delle somme ricevute avverr\u00e0 solo se la sospensione delle attivit\u00e0 \u00e8 dovuta a una decisione dell'organizzazione. Il rimborso avverr\u00e0 con lo stesso mezzo di pagamento utilizzato dal cliente.<\/p>\n<p>In caso di ritardo ingiustificato nei dodici mesi successivi da parte di MegaDancers: European Salsa League, per quanto riguarda la restituzione delle somme versate, il cliente potr\u00e0 richiedere il doppio delle somme versate, fatto salvo il diritto al risarcimento dei danni subiti in eccesso rispetto a tale importo. In caso di ritardo ingiustificato da parte della piattaforma di vendita, il cliente potr\u00e0 richiedere solo l'importo pagato.<\/p>\n<p><strong>GIURISDIZIONE<\/strong><\/p>\n<p>Allo stesso modo, MegaDancers: European Salsa League si riserva il diritto di intraprendere qualsiasi azione civile o penale che ritenga opportuna per l'uso improprio del suo sito web e dei suoi contenuti o per la violazione delle presenti condizioni.<\/p>\n<p>Il rapporto tra l'utente e il fornitore sar\u00e0 regolato dalle norme vigenti e applicabili nel territorio spagnolo. In caso di controversie, le parti potranno sottoporle ad arbitrato o adire la giurisdizione ordinaria in conformit\u00e0 con le norme sulla giurisdizione e la competenza in materia. MegaDancers: European Salsa League ha sede a San Crist\u00f3bal de La Laguna, Spagna.<\/p>\n<\/div><\/div><\/div><div class=\"fusion-layout-column fusion_builder_column fusion-builder-column-2 fusion_builder_column_1_6 1_6 fusion-flex-column\" style=\"--awb-bg-size:cover;--awb-width-large:16.666666666667%;--awb-margin-top-large:0px;--awb-spacing-right-large:11.52%;--awb-margin-bottom-large:20px;--awb-spacing-left-large:11.52%;--awb-width-medium:16.666666666667%;--awb-order-medium:0;--awb-spacing-right-medium:11.52%;--awb-spacing-left-medium:11.52%;--awb-width-small:100%;--awb-order-small:0;--awb-spacing-right-small:1.92%;--awb-spacing-left-small:1.92%;\"><div class=\"fusion-column-wrapper fusion-column-has-shadow fusion-flex-justify-content-flex-start fusion-content-layout-column\"><\/div><\/div><\/div><\/div>","protected":false},"excerpt":{"rendered":"INFORMAZIONI PRIMA DEL PROCESSO CONTRATTUALE Questo sito web https:\/\/www,megadancers.com \u00e8 di propriet\u00e0 di MegaDancers: European Salsa League con NIF 42044357N e indirizzo fiscale in Calle Atenea, 7 - 38296 San Crist\u00f3bal de La Laguna, che agisce commercialmente con il marchio MegaDancers: European Salsa League, [...]","protected":false},"author":1,"featured_media":0,"parent":0,"menu_order":0,"comment_status":"closed","ping_status":"closed","template":"100-width.php","meta":{"footnotes":""},"class_list":["post-4133","page","type-page","status-publish","hentry"],"yoast_head":"<!-- This site is optimized with the Yoast SEO plugin v27.4 - https:\/\/yoast.com\/product\/yoast-seo-wordpress\/ -->\n<title>Condiciones de Contrataci\u00f3n - MegaDancers: European Salsa League<\/title>\n<meta name=\"robots\" content=\"index, follow, max-snippet:-1, max-image-preview:large, max-video-preview:-1\" \/>\n<link rel=\"canonical\" href=\"https:\/\/www.megadancers.com\/it\/condiciones-de-contratacion\/\" \/>\n<meta property=\"og:locale\" content=\"it_IT\" \/>\n<meta property=\"og:type\" content=\"article\" \/>\n<meta property=\"og:title\" content=\"Condiciones de Contrataci\u00f3n - MegaDancers: European Salsa League\" \/>\n<meta property=\"og:url\" content=\"https:\/\/www.megadancers.com\/it\/condiciones-de-contratacion\/\" \/>\n<meta property=\"og:site_name\" content=\"MegaDancers: European Salsa League\" \/>\n<meta property=\"article:publisher\" content=\"https:\/\/www.facebook.com\/CanariasSalsaOpen\/\" \/>\n<meta property=\"article:modified_time\" content=\"2024-01-26T19:08:01+00:00\" \/>\n<meta property=\"og:image\" content=\"https:\/\/www.megadancers.com\/wp-content\/uploads\/2023\/06\/logo-yoast.jpg\" \/>\n\t<meta property=\"og:image:width\" content=\"1200\" \/>\n\t<meta property=\"og:image:height\" content=\"675\" \/>\n\t<meta property=\"og:image:type\" content=\"image\/jpeg\" \/>\n<meta name=\"twitter:card\" content=\"summary_large_image\" \/>\n<meta name=\"twitter:label1\" content=\"Tempo di lettura stimato\" \/>\n\t<meta name=\"twitter:data1\" content=\"9 minuti\" \/>\n<script type=\"application\/ld+json\" class=\"yoast-schema-graph\">{\"@context\":\"https:\\\/\\\/schema.org\",\"@graph\":[{\"@type\":\"WebPage\",\"@id\":\"https:\\\/\\\/www.megadancers.com\\\/condiciones-de-contratacion\\\/\",\"url\":\"https:\\\/\\\/www.megadancers.com\\\/condiciones-de-contratacion\\\/\",\"name\":\"Condiciones de Contrataci\u00f3n - MegaDancers: European Salsa League\",\"isPartOf\":{\"@id\":\"https:\\\/\\\/www.megadancers.com\\\/#website\"},\"datePublished\":\"2023-05-28T17:47:13+00:00\",\"dateModified\":\"2024-01-26T19:08:01+00:00\",\"breadcrumb\":{\"@id\":\"https:\\\/\\\/www.megadancers.com\\\/condiciones-de-contratacion\\\/#breadcrumb\"},\"inLanguage\":\"it-IT\",\"potentialAction\":[{\"@type\":\"ReadAction\",\"target\":[\"https:\\\/\\\/www.megadancers.com\\\/condiciones-de-contratacion\\\/\"]}]},{\"@type\":\"BreadcrumbList\",\"@id\":\"https:\\\/\\\/www.megadancers.com\\\/condiciones-de-contratacion\\\/#breadcrumb\",\"itemListElement\":[{\"@type\":\"ListItem\",\"position\":1,\"name\":\"Inicio\",\"item\":\"https:\\\/\\\/www.megadancers.com\\\/\"},{\"@type\":\"ListItem\",\"position\":2,\"name\":\"Condiciones de Contrataci\u00f3n\"}]},{\"@type\":\"WebSite\",\"@id\":\"https:\\\/\\\/www.megadancers.com\\\/#website\",\"url\":\"https:\\\/\\\/www.megadancers.com\\\/\",\"name\":\"MegaDancers: European Salsa League\",\"description\":\"Competencia de baile de salsa en pareja y solistas\",\"publisher\":{\"@id\":\"https:\\\/\\\/www.megadancers.com\\\/#organization\"},\"alternateName\":\"Megadancers\",\"potentialAction\":[{\"@type\":\"SearchAction\",\"target\":{\"@type\":\"EntryPoint\",\"urlTemplate\":\"https:\\\/\\\/www.megadancers.com\\\/?s={search_term_string}\"},\"query-input\":{\"@type\":\"PropertyValueSpecification\",\"valueRequired\":true,\"valueName\":\"search_term_string\"}}],\"inLanguage\":\"it-IT\"},{\"@type\":\"Organization\",\"@id\":\"https:\\\/\\\/www.megadancers.com\\\/#organization\",\"name\":\"MegaDancers\",\"url\":\"https:\\\/\\\/www.megadancers.com\\\/\",\"logo\":{\"@type\":\"ImageObject\",\"inLanguage\":\"it-IT\",\"@id\":\"https:\\\/\\\/www.megadancers.com\\\/#\\\/schema\\\/logo\\\/image\\\/\",\"url\":\"https:\\\/\\\/www.megadancers.com\\\/wp-content\\\/uploads\\\/2023\\\/06\\\/Logo-MegaDancersSEO.png\",\"contentUrl\":\"https:\\\/\\\/www.megadancers.com\\\/wp-content\\\/uploads\\\/2023\\\/06\\\/Logo-MegaDancersSEO.png\",\"width\":512,\"height\":512,\"caption\":\"MegaDancers\"},\"image\":{\"@id\":\"https:\\\/\\\/www.megadancers.com\\\/#\\\/schema\\\/logo\\\/image\\\/\"},\"sameAs\":[\"https:\\\/\\\/www.facebook.com\\\/CanariasSalsaOpen\\\/\",\"https:\\\/\\\/www.instagram.com\\\/salsaopencanarias\\\/\"]}]}<\/script>\n<!-- \/ Yoast SEO plugin. -->","yoast_head_json":{"title":"Condiciones de Contrataci\u00f3n - MegaDancers: European Salsa League","robots":{"index":"index","follow":"follow","max-snippet":"max-snippet:-1","max-image-preview":"max-image-preview:large","max-video-preview":"max-video-preview:-1"},"canonical":"https:\/\/www.megadancers.com\/it\/condiciones-de-contratacion\/","og_locale":"it_IT","og_type":"article","og_title":"Condiciones de Contrataci\u00f3n - MegaDancers: European Salsa League","og_url":"https:\/\/www.megadancers.com\/it\/condiciones-de-contratacion\/","og_site_name":"MegaDancers: European Salsa League","article_publisher":"https:\/\/www.facebook.com\/CanariasSalsaOpen\/","article_modified_time":"2024-01-26T19:08:01+00:00","og_image":[{"width":1200,"height":675,"url":"https:\/\/www.megadancers.com\/wp-content\/uploads\/2023\/06\/logo-yoast.jpg","type":"image\/jpeg"}],"twitter_card":"summary_large_image","twitter_misc":{"Tempo di lettura stimato":"9 minuti"},"schema":{"@context":"https:\/\/schema.org","@graph":[{"@type":"WebPage","@id":"https:\/\/www.megadancers.com\/condiciones-de-contratacion\/","url":"https:\/\/www.megadancers.com\/condiciones-de-contratacion\/","name":"Condiciones de Contrataci\u00f3n - MegaDancers: European Salsa League","isPartOf":{"@id":"https:\/\/www.megadancers.com\/#website"},"datePublished":"2023-05-28T17:47:13+00:00","dateModified":"2024-01-26T19:08:01+00:00","breadcrumb":{"@id":"https:\/\/www.megadancers.com\/condiciones-de-contratacion\/#breadcrumb"},"inLanguage":"it-IT","potentialAction":[{"@type":"ReadAction","target":["https:\/\/www.megadancers.com\/condiciones-de-contratacion\/"]}]},{"@type":"BreadcrumbList","@id":"https:\/\/www.megadancers.com\/condiciones-de-contratacion\/#breadcrumb","itemListElement":[{"@type":"ListItem","position":1,"name":"Inicio","item":"https:\/\/www.megadancers.com\/"},{"@type":"ListItem","position":2,"name":"Condiciones de Contrataci\u00f3n"}]},{"@type":"WebSite","@id":"https:\/\/www.megadancers.com\/#website","url":"https:\/\/www.megadancers.com\/","name":"MegaDancers: campionato europeo di salsa","description":"Gara di ballo di salsa per coppie e solisti","publisher":{"@id":"https:\/\/www.megadancers.com\/#organization"},"alternateName":"Megadancers","potentialAction":[{"@type":"SearchAction","target":{"@type":"EntryPoint","urlTemplate":"https:\/\/www.megadancers.com\/?s={search_term_string}"},"query-input":{"@type":"PropertyValueSpecification","valueRequired":true,"valueName":"search_term_string"}}],"inLanguage":"it-IT"},{"@type":"Organization","@id":"https:\/\/www.megadancers.com\/#organization","name":"MegaDancers","url":"https:\/\/www.megadancers.com\/","logo":{"@type":"ImageObject","inLanguage":"it-IT","@id":"https:\/\/www.megadancers.com\/#\/schema\/logo\/image\/","url":"https:\/\/www.megadancers.com\/wp-content\/uploads\/2023\/06\/Logo-MegaDancersSEO.png","contentUrl":"https:\/\/www.megadancers.com\/wp-content\/uploads\/2023\/06\/Logo-MegaDancersSEO.png","width":512,"height":512,"caption":"MegaDancers"},"image":{"@id":"https:\/\/www.megadancers.com\/#\/schema\/logo\/image\/"},"sameAs":["https:\/\/www.facebook.com\/CanariasSalsaOpen\/","https:\/\/www.instagram.com\/salsaopencanarias\/"]}]}},"_links":{"self":[{"href":"https:\/\/www.megadancers.com\/it\/wp-json\/wp\/v2\/pages\/4133","targetHints":{"allow":["GET"]}}],"collection":[{"href":"https:\/\/www.megadancers.com\/it\/wp-json\/wp\/v2\/pages"}],"about":[{"href":"https:\/\/www.megadancers.com\/it\/wp-json\/wp\/v2\/types\/page"}],"author":[{"embeddable":true,"href":"https:\/\/www.megadancers.com\/it\/wp-json\/wp\/v2\/users\/1"}],"replies":[{"embeddable":true,"href":"https:\/\/www.megadancers.com\/it\/wp-json\/wp\/v2\/comments?post=4133"}],"version-history":[{"count":0,"href":"https:\/\/www.megadancers.com\/it\/wp-json\/wp\/v2\/pages\/4133\/revisions"}],"wp:attachment":[{"href":"https:\/\/www.megadancers.com\/it\/wp-json\/wp\/v2\/media?parent=4133"}],"curies":[{"name":"wp","href":"https:\/\/api.w.org\/{rel}","templated":true}]}}