{"id":4140,"date":"2023-05-28T18:56:22","date_gmt":"2023-05-28T17:56:22","guid":{"rendered":"https:\/\/www.megadancers.com\/?page_id=4140"},"modified":"2024-01-26T18:50:22","modified_gmt":"2024-01-26T18:50:22","slug":"politica-de-privacidad","status":"publish","type":"page","link":"https:\/\/www.megadancers.com\/it\/politica-de-privacidad\/","title":{"rendered":"Informativa sulla privacy"},"content":{"rendered":"<div class=\"fusion-fullwidth fullwidth-box fusion-builder-row-1 fusion-flex-container has-pattern-background has-mask-background nonhundred-percent-fullwidth non-hundred-percent-height-scrolling\" style=\"--awb-border-radius-top-left:0px;--awb-border-radius-top-right:0px;--awb-border-radius-bottom-right:0px;--awb-border-radius-bottom-left:0px;--awb-flex-wrap:wrap;\" ><div class=\"fusion-builder-row fusion-row fusion-flex-align-items-flex-start fusion-flex-content-wrap\" style=\"max-width:1248px;margin-left: calc(-4% \/ 2 );margin-right: calc(-4% \/ 2 );\"><div class=\"fusion-layout-column fusion_builder_column fusion-builder-column-0 fusion_builder_column_1_6 1_6 fusion-flex-column\" style=\"--awb-bg-size:cover;--awb-width-large:16.666666666667%;--awb-margin-top-large:0px;--awb-spacing-right-large:11.52%;--awb-margin-bottom-large:20px;--awb-spacing-left-large:11.52%;--awb-width-medium:16.666666666667%;--awb-order-medium:0;--awb-spacing-right-medium:11.52%;--awb-spacing-left-medium:11.52%;--awb-width-small:100%;--awb-order-small:0;--awb-spacing-right-small:1.92%;--awb-spacing-left-small:1.92%;\"><div class=\"fusion-column-wrapper fusion-column-has-shadow fusion-flex-justify-content-flex-start fusion-content-layout-column\"><\/div><\/div><div class=\"fusion-layout-column fusion_builder_column fusion-builder-column-1 fusion_builder_column_2_3 2_3 fusion-flex-column\" style=\"--awb-bg-size:cover;--awb-width-large:66.666666666667%;--awb-margin-top-large:0px;--awb-spacing-right-large:2.88%;--awb-margin-bottom-large:20px;--awb-spacing-left-large:2.88%;--awb-width-medium:66.666666666667%;--awb-order-medium:0;--awb-spacing-right-medium:2.88%;--awb-spacing-left-medium:2.88%;--awb-width-small:100%;--awb-order-small:0;--awb-spacing-right-small:1.92%;--awb-spacing-left-small:1.92%;\"><div class=\"fusion-column-wrapper fusion-column-has-shadow fusion-flex-justify-content-flex-start fusion-content-layout-column\"><div class=\"fusion-text fusion-text-1\"><p>Ai sensi della Legge Organica sulla Protezione dei Dati Personali e sulla Garanzia dei Diritti Digitali (LOPDGDD 3\/2018) e del Regolamento Generale sulla Protezione dei Dati (RGPD UE 2016\/679) Le forniamo le seguenti informazioni:<\/p>\n<p><b>INFORMAZIONI DI BASE SULLA PROTEZIONE DEI DATI<\/b><\/p>\n<table border=\"0\" width=\"584\" cellspacing=\"0\" cellpadding=\"2\" bgcolor=\"#333333\">\n<tbody>\n<tr>\n<td width=\"133\"><span style=\"color: #000000;\"><span style=\"font-size: medium;\">Responsabile:<\/span><\/span><\/td>\n<td width=\"443\"><span style=\"color: #000000;\"><span style=\"font-size: medium;\">MegaDancers: campionato europeo di salsa<\/span><\/span><\/td>\n<\/tr>\n<tr>\n<td width=\"133\"><span style=\"color: #000000;\"><span style=\"font-size: medium;\">Scopo:<\/span><\/span><\/td>\n<td width=\"443\"><span style=\"color: #000000;\"><span style=\"font-size: medium;\">Per evadere le richieste effettuate tramite il sito web, gestire l'invio di informazioni.<\/span><\/span><\/td>\n<\/tr>\n<tr>\n<td width=\"133\"><span style=\"color: #000000;\"><span style=\"font-size: medium;\">Legittimazione:<\/span><\/span><\/td>\n<td width=\"443\"><span style=\"color: #000000;\"><span style=\"font-size: medium;\">Consenso dell'interessato.<\/span><\/span><\/td>\n<\/tr>\n<tr>\n<td width=\"133\"><span style=\"color: #000000;\"><span style=\"font-size: medium;\">Gruppo target:<\/span><\/span><\/td>\n<td width=\"443\"><span style=\"color: #000000;\"><span style=\"font-size: medium;\">I dati non verranno trasmessi a terzi, a meno che non siano obbligati per legge o nel caso in cui sia necessario per evadere la vostra richiesta.<\/span><\/span><\/td>\n<\/tr>\n<tr>\n<td width=\"133\"><span style=\"color: #000000;\"><span style=\"font-size: medium;\">Diritti:<\/span><\/span><\/td>\n<td width=\"443\"><span style=\"color: #000000;\"><span style=\"font-size: medium;\">Potete esercitare i vostri diritti di accesso, rettifica, cancellazione e opposizione, limitazione del trattamento, portabilit\u00e0 dei dati.<\/span><\/span><\/td>\n<\/tr>\n<\/tbody>\n<\/table>\n<p><strong>CHI TRATTER\u00c0 I MIEI DATI?<\/strong><\/p>\n<p>Nome commerciale: MegaDancers: Lega Europea della Salsa<br \/>\nNome della societ\u00e0: FJZA<br \/>\nPARTITA IVA: 42044357N<br \/>\nC\/Atenea 7 | 38296 San Crist\u00f3bal de La Laguna | Isole Canarie<br \/>\nE-mail: hi@megadancers.com<\/p>\n<p><strong>QUAL \u00c8 LA FINALIT\u00c0 DEL TRATTAMENTO E LA BASE GIURIDICA DEL TRATTAMENTO?<\/strong><\/p>\n<p>MegaDancers: European Salsa League tratta le informazioni forniteci dagli interessati per gestire le loro richieste di informazioni e per gestire i servizi che li collegano a questa azienda.<\/p>\n<p>La base giuridica per il trattamento dei vostri dati \u00e8 il consenso da voi fornito, attraverso l'accettazione della nostra Informativa sulla privacy.<\/p>\n<p>Al fine di fornire i servizi strettamente necessari allo sviluppo dell'attivit\u00e0, tunera.es condivide i dati con i seguenti fornitori in base alle rispettive condizioni di privacy:<\/p>\n<p>Google Analytics: servizio di analisi fornito da Google, Inc. 1600 Amphitheatre Parkway, Mountain View (California), CA 94043, USA. Google Analytics utilizza dei \"cookie\", che sono file di testo che vengono depositati sul vostro computer. Le informazioni generate dal cookie sull'utilizzo di MegaDancers: European Salsa League da parte dell'utente (compreso il suo indirizzo IP) verranno trasmesse e memorizzate da Google su server negli Stati Uniti.<\/p>\n<p>Hosting: Strato Website &amp; Domains, con sede in Germania. Tratta i dati allo scopo di fornire servizi di hosting a tunera.es.<\/p>\n<p>Piattaforma web: Word Press, con sede negli Stati Uniti. Tratta i dati allo scopo di fornire i propri servizi di piattaforma web a tunera.es Maggiori informazioni sull'adeguamento al RGPD https:\/\/wordpress.org\/about\/privacy\/<\/p>\n<p>Google Ads: la piattaforma pubblicitaria di Google. Quando un annuncio viene generato da questa piattaforma, il pubblico pu\u00f2 essere segmentato per:<\/p>\n<ul>\n<li>Luogo<\/li>\n<li>Dati demografici (et\u00e0, sesso, ecc.)<\/li>\n<li>Interessi (attivit\u00e0, hobby, ecc.)<\/li>\n<li>Cosa acquistano su internet e attraverso altri canali<\/li>\n<li>Eccetera<\/li>\n<\/ul>\n<p>I dati raccolti tramite Google Ads sono soggetti alla loro politica sulla privacy https:\/\/policies.google.com\/technologies\/partner-sites.<\/p>\n<p>In nessun caso le informazioni di Google saranno utilizzate per altri scopi.<\/p>\n<p>Per ulteriori informazioni, consultare la nostra Informativa sui cookie.<\/p>\n<p><strong>DOVE SONO CONSERVATE LE VOSTRE INFORMAZIONI?<\/strong><\/p>\n<p>Hosting: Strato<br \/>\nIndirizzo: Pascalstrasse 10, 10587 Berlino, Germania<br \/>\nCIF: DE 211 045 709<br \/>\nHosting del sito web e del database, sia per MegaDancers: European Salsa League che per i suoi clienti.<\/p>\n<p><strong>A CHI SARANNO COMUNICATI I VOSTRI DATI?<\/strong><\/p>\n<p>I dati non saranno trasmessi a terzi, a meno che non sia richiesto dalla legge o nel caso in cui ci\u00f2 sia necessario per l'adempimento diretto della vostra richiesta.<\/p>\n<p><strong>PER QUANTO TEMPO CONSERVEREMO I VOSTRI DATI?<\/strong><\/p>\n<p>I dati personali forniti saranno conservati per tutto il tempo in cui si mantiene il rapporto con questa societ\u00e0 e la loro cancellazione non \u00e8 richiesta dall'interessato.<\/p>\n<p><strong>QUALI SONO I VOSTRI DIRITTI QUANDO CI FORNITE I VOSTRI DATI E DOVE POSSO ESERCITARE I MIEI DIRITTI?<\/strong><\/p>\n<p>Chiunque ha il diritto di ottenere la conferma che tunera.es stia trattando o meno i dati personali che lo riguardano. Gli interessati hanno il diritto di accedere ai propri dati personali, nonch\u00e9 di richiedere la rettifica dei dati inesatti o, se del caso, di richiederne la cancellazione quando, tra le altre ragioni, i dati non sono pi\u00f9 necessari per gli scopi per cui sono stati raccolti. In determinate circostanze, gli interessati possono richiedere la limitazione del trattamento dei loro dati, nel qual caso li conserveremo solo per l'esercizio o la difesa dei diritti.<\/p>\n<p>In determinate circostanze e per motivi legati alla loro particolare situazione, gli interessati possono opporsi al trattamento dei loro dati e tunera.es interromper\u00e0 il trattamento dei dati, tranne che per motivi legittimi impellenti, o per l'esercizio o la difesa di eventuali reclami. Per esercitare i propri diritti \u00e8 necessario inviare una comunicazione, corredata da un documento di identit\u00e0, a:<\/p>\n<p>C\/Atenea 7 | 38296 San Crist\u00f3bal de La Laguna | Isole Canarie<br \/>\nhi@megadancers.com<\/p>\n<p>L'utente pu\u00f2 revocare il consenso prestato in qualsiasi momento al seguente indirizzo correo:hi@megadancers.com.<\/p>\n<p>Questo sito web include un certificato SSL. Si tratta di un protocollo di sicurezza che fa viaggiare i dati in modo integrale e sicuro. La trasmissione dei dati tra un server e l'utente web, e nel feedback, \u00e8 completamente crittografata o criptata.<\/p>\n<p>Si informa inoltre che gli interessati hanno il diritto di presentare un reclamo all'Autorit\u00e0 di controllo, l'Agenzia spagnola di protezione dei dati (Agencia Espa\u00f1ola de Protecci\u00f3n de Datos).<\/p>\n<\/div><\/div><\/div><div class=\"fusion-layout-column fusion_builder_column fusion-builder-column-2 fusion_builder_column_1_6 1_6 fusion-flex-column\" style=\"--awb-bg-size:cover;--awb-width-large:16.666666666667%;--awb-margin-top-large:0px;--awb-spacing-right-large:11.52%;--awb-margin-bottom-large:20px;--awb-spacing-left-large:11.52%;--awb-width-medium:16.666666666667%;--awb-order-medium:0;--awb-spacing-right-medium:11.52%;--awb-spacing-left-medium:11.52%;--awb-width-small:100%;--awb-order-small:0;--awb-spacing-right-small:1.92%;--awb-spacing-left-small:1.92%;\"><div class=\"fusion-column-wrapper fusion-column-has-shadow fusion-flex-justify-content-flex-start fusion-content-layout-column\"><\/div><\/div><\/div><\/div>","protected":false},"excerpt":{"rendered":"Ai sensi della Legge organica sulla protezione dei dati personali e sulla garanzia dei diritti digitali (LOPDGDD 3\/2018) e del Regolamento generale sulla protezione dei dati (RGPD UE 2016\/679), vi forniamo le seguenti informazioni: INFORMAZIONI DI BASE [...]","protected":false},"author":1,"featured_media":0,"parent":0,"menu_order":0,"comment_status":"closed","ping_status":"closed","template":"","meta":{"footnotes":""},"class_list":["post-4140","page","type-page","status-publish","hentry"],"yoast_head":"<!-- This site is optimized with the Yoast SEO plugin v27.4 - https:\/\/yoast.com\/product\/yoast-seo-wordpress\/ -->\n<title>Pol\u00edtica de Privacidad - MegaDancers: European Salsa League<\/title>\n<meta name=\"robots\" content=\"index, follow, max-snippet:-1, max-image-preview:large, max-video-preview:-1\" \/>\n<link rel=\"canonical\" href=\"https:\/\/www.megadancers.com\/it\/politica-de-privacidad\/\" \/>\n<meta property=\"og:locale\" content=\"it_IT\" \/>\n<meta property=\"og:type\" content=\"article\" \/>\n<meta property=\"og:title\" content=\"Pol\u00edtica de Privacidad - MegaDancers: European Salsa League\" \/>\n<meta property=\"og:url\" content=\"https:\/\/www.megadancers.com\/it\/politica-de-privacidad\/\" \/>\n<meta property=\"og:site_name\" content=\"MegaDancers: European Salsa League\" \/>\n<meta property=\"article:publisher\" content=\"https:\/\/www.facebook.com\/CanariasSalsaOpen\/\" \/>\n<meta property=\"article:modified_time\" content=\"2024-01-26T18:50:22+00:00\" \/>\n<meta property=\"og:image\" content=\"https:\/\/www.megadancers.com\/wp-content\/uploads\/2023\/06\/logo-yoast.jpg\" \/>\n\t<meta property=\"og:image:width\" content=\"1200\" \/>\n\t<meta property=\"og:image:height\" content=\"675\" \/>\n\t<meta property=\"og:image:type\" content=\"image\/jpeg\" \/>\n<meta name=\"twitter:card\" content=\"summary_large_image\" \/>\n<meta name=\"twitter:label1\" content=\"Tempo di lettura stimato\" \/>\n\t<meta name=\"twitter:data1\" content=\"13 minuti\" \/>\n<script type=\"application\/ld+json\" class=\"yoast-schema-graph\">{\"@context\":\"https:\\\/\\\/schema.org\",\"@graph\":[{\"@type\":\"WebPage\",\"@id\":\"https:\\\/\\\/www.megadancers.com\\\/politica-de-privacidad\\\/\",\"url\":\"https:\\\/\\\/www.megadancers.com\\\/politica-de-privacidad\\\/\",\"name\":\"Pol\u00edtica de Privacidad - MegaDancers: European Salsa League\",\"isPartOf\":{\"@id\":\"https:\\\/\\\/www.megadancers.com\\\/#website\"},\"datePublished\":\"2023-05-28T17:56:22+00:00\",\"dateModified\":\"2024-01-26T18:50:22+00:00\",\"breadcrumb\":{\"@id\":\"https:\\\/\\\/www.megadancers.com\\\/politica-de-privacidad\\\/#breadcrumb\"},\"inLanguage\":\"it-IT\",\"potentialAction\":[{\"@type\":\"ReadAction\",\"target\":[\"https:\\\/\\\/www.megadancers.com\\\/politica-de-privacidad\\\/\"]}]},{\"@type\":\"BreadcrumbList\",\"@id\":\"https:\\\/\\\/www.megadancers.com\\\/politica-de-privacidad\\\/#breadcrumb\",\"itemListElement\":[{\"@type\":\"ListItem\",\"position\":1,\"name\":\"Inicio\",\"item\":\"https:\\\/\\\/www.megadancers.com\\\/\"},{\"@type\":\"ListItem\",\"position\":2,\"name\":\"Pol\u00edtica de Privacidad\"}]},{\"@type\":\"WebSite\",\"@id\":\"https:\\\/\\\/www.megadancers.com\\\/#website\",\"url\":\"https:\\\/\\\/www.megadancers.com\\\/\",\"name\":\"MegaDancers: European Salsa League\",\"description\":\"Competencia de baile de salsa en pareja y solistas\",\"publisher\":{\"@id\":\"https:\\\/\\\/www.megadancers.com\\\/#organization\"},\"alternateName\":\"Megadancers\",\"potentialAction\":[{\"@type\":\"SearchAction\",\"target\":{\"@type\":\"EntryPoint\",\"urlTemplate\":\"https:\\\/\\\/www.megadancers.com\\\/?s={search_term_string}\"},\"query-input\":{\"@type\":\"PropertyValueSpecification\",\"valueRequired\":true,\"valueName\":\"search_term_string\"}}],\"inLanguage\":\"it-IT\"},{\"@type\":\"Organization\",\"@id\":\"https:\\\/\\\/www.megadancers.com\\\/#organization\",\"name\":\"MegaDancers\",\"url\":\"https:\\\/\\\/www.megadancers.com\\\/\",\"logo\":{\"@type\":\"ImageObject\",\"inLanguage\":\"it-IT\",\"@id\":\"https:\\\/\\\/www.megadancers.com\\\/#\\\/schema\\\/logo\\\/image\\\/\",\"url\":\"https:\\\/\\\/www.megadancers.com\\\/wp-content\\\/uploads\\\/2023\\\/06\\\/Logo-MegaDancersSEO.png\",\"contentUrl\":\"https:\\\/\\\/www.megadancers.com\\\/wp-content\\\/uploads\\\/2023\\\/06\\\/Logo-MegaDancersSEO.png\",\"width\":512,\"height\":512,\"caption\":\"MegaDancers\"},\"image\":{\"@id\":\"https:\\\/\\\/www.megadancers.com\\\/#\\\/schema\\\/logo\\\/image\\\/\"},\"sameAs\":[\"https:\\\/\\\/www.facebook.com\\\/CanariasSalsaOpen\\\/\",\"https:\\\/\\\/www.instagram.com\\\/salsaopencanarias\\\/\"]}]}<\/script>\n<!-- \/ Yoast SEO plugin. -->","yoast_head_json":{"title":"Pol\u00edtica de Privacidad - MegaDancers: European Salsa League","robots":{"index":"index","follow":"follow","max-snippet":"max-snippet:-1","max-image-preview":"max-image-preview:large","max-video-preview":"max-video-preview:-1"},"canonical":"https:\/\/www.megadancers.com\/it\/politica-de-privacidad\/","og_locale":"it_IT","og_type":"article","og_title":"Pol\u00edtica de Privacidad - MegaDancers: European Salsa League","og_url":"https:\/\/www.megadancers.com\/it\/politica-de-privacidad\/","og_site_name":"MegaDancers: European Salsa League","article_publisher":"https:\/\/www.facebook.com\/CanariasSalsaOpen\/","article_modified_time":"2024-01-26T18:50:22+00:00","og_image":[{"width":1200,"height":675,"url":"https:\/\/www.megadancers.com\/wp-content\/uploads\/2023\/06\/logo-yoast.jpg","type":"image\/jpeg"}],"twitter_card":"summary_large_image","twitter_misc":{"Tempo di lettura stimato":"13 minuti"},"schema":{"@context":"https:\/\/schema.org","@graph":[{"@type":"WebPage","@id":"https:\/\/www.megadancers.com\/politica-de-privacidad\/","url":"https:\/\/www.megadancers.com\/politica-de-privacidad\/","name":"Pol\u00edtica de Privacidad - MegaDancers: European Salsa League","isPartOf":{"@id":"https:\/\/www.megadancers.com\/#website"},"datePublished":"2023-05-28T17:56:22+00:00","dateModified":"2024-01-26T18:50:22+00:00","breadcrumb":{"@id":"https:\/\/www.megadancers.com\/politica-de-privacidad\/#breadcrumb"},"inLanguage":"it-IT","potentialAction":[{"@type":"ReadAction","target":["https:\/\/www.megadancers.com\/politica-de-privacidad\/"]}]},{"@type":"BreadcrumbList","@id":"https:\/\/www.megadancers.com\/politica-de-privacidad\/#breadcrumb","itemListElement":[{"@type":"ListItem","position":1,"name":"Inicio","item":"https:\/\/www.megadancers.com\/"},{"@type":"ListItem","position":2,"name":"Pol\u00edtica de Privacidad"}]},{"@type":"WebSite","@id":"https:\/\/www.megadancers.com\/#website","url":"https:\/\/www.megadancers.com\/","name":"MegaDancers: campionato europeo di salsa","description":"Gara di ballo di salsa per coppie e solisti","publisher":{"@id":"https:\/\/www.megadancers.com\/#organization"},"alternateName":"Megadancers","potentialAction":[{"@type":"SearchAction","target":{"@type":"EntryPoint","urlTemplate":"https:\/\/www.megadancers.com\/?s={search_term_string}"},"query-input":{"@type":"PropertyValueSpecification","valueRequired":true,"valueName":"search_term_string"}}],"inLanguage":"it-IT"},{"@type":"Organization","@id":"https:\/\/www.megadancers.com\/#organization","name":"MegaDancers","url":"https:\/\/www.megadancers.com\/","logo":{"@type":"ImageObject","inLanguage":"it-IT","@id":"https:\/\/www.megadancers.com\/#\/schema\/logo\/image\/","url":"https:\/\/www.megadancers.com\/wp-content\/uploads\/2023\/06\/Logo-MegaDancersSEO.png","contentUrl":"https:\/\/www.megadancers.com\/wp-content\/uploads\/2023\/06\/Logo-MegaDancersSEO.png","width":512,"height":512,"caption":"MegaDancers"},"image":{"@id":"https:\/\/www.megadancers.com\/#\/schema\/logo\/image\/"},"sameAs":["https:\/\/www.facebook.com\/CanariasSalsaOpen\/","https:\/\/www.instagram.com\/salsaopencanarias\/"]}]}},"_links":{"self":[{"href":"https:\/\/www.megadancers.com\/it\/wp-json\/wp\/v2\/pages\/4140","targetHints":{"allow":["GET"]}}],"collection":[{"href":"https:\/\/www.megadancers.com\/it\/wp-json\/wp\/v2\/pages"}],"about":[{"href":"https:\/\/www.megadancers.com\/it\/wp-json\/wp\/v2\/types\/page"}],"author":[{"embeddable":true,"href":"https:\/\/www.megadancers.com\/it\/wp-json\/wp\/v2\/users\/1"}],"replies":[{"embeddable":true,"href":"https:\/\/www.megadancers.com\/it\/wp-json\/wp\/v2\/comments?post=4140"}],"version-history":[{"count":0,"href":"https:\/\/www.megadancers.com\/it\/wp-json\/wp\/v2\/pages\/4140\/revisions"}],"wp:attachment":[{"href":"https:\/\/www.megadancers.com\/it\/wp-json\/wp\/v2\/media?parent=4140"}],"curies":[{"name":"wp","href":"https:\/\/api.w.org\/{rel}","templated":true}]}}