{"id":4153,"date":"2023-05-28T19:12:23","date_gmt":"2023-05-28T18:12:23","guid":{"rendered":"https:\/\/www.megadancers.com\/?page_id=4153"},"modified":"2023-05-28T19:18:05","modified_gmt":"2023-05-28T18:18:05","slug":"politica-de-cookies-ue","status":"publish","type":"page","link":"https:\/\/www.megadancers.com\/it\/politica-de-cookies-ue\/","title":{"rendered":"Informativa sui cookie"},"content":{"rendered":"<div class=\"fusion-fullwidth fullwidth-box fusion-builder-row-1 fusion-flex-container has-pattern-background has-mask-background nonhundred-percent-fullwidth non-hundred-percent-height-scrolling\" style=\"--awb-border-radius-top-left:0px;--awb-border-radius-top-right:0px;--awb-border-radius-bottom-right:0px;--awb-border-radius-bottom-left:0px;--awb-flex-wrap:wrap;\" ><div class=\"fusion-builder-row fusion-row fusion-flex-align-items-flex-start fusion-flex-content-wrap\" style=\"max-width:1248px;margin-left: calc(-4% \/ 2 );margin-right: calc(-4% \/ 2 );\"><div class=\"fusion-layout-column fusion_builder_column fusion-builder-column-0 fusion_builder_column_1_6 1_6 fusion-flex-column\" style=\"--awb-bg-size:cover;--awb-width-large:16.666666666667%;--awb-margin-top-large:0px;--awb-spacing-right-large:11.52%;--awb-margin-bottom-large:20px;--awb-spacing-left-large:11.52%;--awb-width-medium:16.666666666667%;--awb-order-medium:0;--awb-spacing-right-medium:11.52%;--awb-spacing-left-medium:11.52%;--awb-width-small:100%;--awb-order-small:0;--awb-spacing-right-small:1.92%;--awb-spacing-left-small:1.92%;\"><div class=\"fusion-column-wrapper fusion-column-has-shadow fusion-flex-justify-content-flex-start fusion-content-layout-column\"><\/div><\/div><div class=\"fusion-layout-column fusion_builder_column fusion-builder-column-1 fusion_builder_column_2_3 2_3 fusion-flex-column\" style=\"--awb-bg-size:cover;--awb-width-large:66.666666666667%;--awb-margin-top-large:0px;--awb-spacing-right-large:2.88%;--awb-margin-bottom-large:20px;--awb-spacing-left-large:2.88%;--awb-width-medium:66.666666666667%;--awb-order-medium:0;--awb-spacing-right-medium:2.88%;--awb-spacing-left-medium:2.88%;--awb-width-small:100%;--awb-order-small:0;--awb-spacing-right-small:1.92%;--awb-spacing-left-small:1.92%;\"><div class=\"fusion-column-wrapper fusion-column-has-shadow fusion-flex-justify-content-flex-start fusion-content-layout-column\"><div class=\"fusion-text fusion-text-1\"><p><strong>INFORMATIVA SUI COOKIE<\/strong><\/p>\n<p>La presente informativa sui cookie \u00e8 stata aggiornata l'ultima volta il 26 febbraio 2023 e si applica ai cittadini e ai residenti legali permanenti dello Spazio economico europeo e della Svizzera.<\/p>\n<p><strong>1. Introduzione<\/strong><br \/>\nIl nostro sito web, https:\/\/www.megadancers.com (di seguito: \"il sito web\") utilizza cookie e altre tecnologie correlate (per comodit\u00e0, tutte le tecnologie sono indicate come \"cookie\"). I cookie vengono inseriti anche da terze parti con cui abbiamo stipulato un contratto. Nel seguente documento vi informiamo sull'uso dei cookie sul nostro sito web.<\/p>\n<p><strong>2. Cosa sono i cookie?<\/strong><br \/>\nUn cookie \u00e8 un piccolo file che viene inviato insieme alle pagine di questo sito web e memorizzato dal browser sul disco rigido del computer o di un altro dispositivo. Le informazioni memorizzate possono essere restituite ai nostri server o a quelli di terze parti durante una visita successiva.<\/p>\n<p><strong>3. Cosa sono gli script?<\/strong><br \/>\nUno script \u00e8 un pezzo di codice di programma che viene utilizzato per far funzionare il nostro sito web in modo corretto e interattivo. Questo codice viene eseguito sul nostro server o sul vostro dispositivo.<\/p>\n<p><strong>4. Che cos'\u00e8 un web beacon?<\/strong><br \/>\nUn web beacon (o pixel tag) \u00e8 un piccolo pezzo di testo o un'immagine invisibile su un sito web che viene utilizzato per monitorare il traffico su un sito web. A tal fine, questi web beacon memorizzano vari dati sull'utente.<\/p>\n<p><strong>5. I biscotti<\/strong><br \/>\n5.1 Cookie tecnici o funzionali<br \/>\nAlcuni cookie garantiscono il corretto funzionamento di alcune parti del sito web e la memorizzazione delle preferenze dell'utente. L'inserimento di cookie funzionali facilita la visita al nostro sito web. In questo modo, non \u00e8 necessario inserire ripetutamente le stesse informazioni quando si visita il nostro sito e, ad esempio, gli articoli rimangono nel carrello fino al momento del pagamento. Possiamo inserire questi cookie senza il vostro consenso.<br \/>\n5.2 Cookie statistici<br \/>\nUtilizziamo i cookie statistici per ottimizzare l'esperienza del sito web per i nostri utenti. Con questi cookie statistici otteniamo informazioni sull'utilizzo del nostro sito web. Chiediamo il vostro consenso per l'inserimento dei cookie statistici.<br \/>\n5.3 Cookie di marketing\/tracciamento<br \/>\nI cookie di marketing\/tracciamento sono cookie, o qualsiasi altra forma di memorizzazione locale, utilizzati per creare profili utente al fine di visualizzare pubblicit\u00e0 o per tracciare l'utente su questo sito web o su vari siti web per scopi di marketing simili.<br \/>\n5.4 Rete sociale<br \/>\nAbbiamo incorporato contenuti di Instagram sul nostro sito web per promuovere siti web (ad es. \"Mi piace\", \"Pin\") o condividere (ad es. \"Tweet\") su social network come Instagram. Questo contenuto \u00e8 incorporato con un codice derivato da Instagram e memorizza i cookie. Questi contenuti possono elaborare alcune informazioni per la realizzazione di annunci pubblicitari personalizzati.<br \/>\nSi prega di leggere l'informativa sulla privacy di questi social network (che pu\u00f2 cambiare frequentemente) per scoprire cosa fanno con i vostri dati (personali) che elaborano utilizzando questi cookie. I dati ricevuti vengono anonimizzati il pi\u00f9 possibile. Instagram ha sede negli Stati Uniti.<\/p>\n<p><strong>6. Cookie utilizzati<\/strong><br \/>\nCaratteri di Google<br \/>\nMarketing\/Monitoraggio<br \/>\nGoogle reCAPTCHA<br \/>\nMarketing\/Monitoraggio, Funzionale<br \/>\nYouTube<br \/>\nMarketing\/Monitoraggio, Funzionale<br \/>\nInstagram<br \/>\nMarketing\/Monitoraggio<br \/>\nCompliance<br \/>\nFunzionale<\/p>\n<p><strong>7. Consenso<\/strong><br \/>\nQuando visitate il nostro sito web per la prima volta, vi mostreremo una finestra pop-up con una spiegazione sui cookie. Facendo clic su \"Salva preferenze\", l'utente accetta l'utilizzo da parte nostra delle categorie di cookie e plugin selezionate nella finestra pop-up, come descritto nella presente politica sui cookie. \u00c8 possibile disabilitare l'uso dei cookie attraverso il proprio browser, ma si prega di notare che il nostro sito web potrebbe non funzionare pi\u00f9 correttamente.<br \/>\n7.1 Gestione delle impostazioni di consenso<br \/>\nFunzionaleSempre attivo<br \/>\nStatistiche<br \/>\nMarketing<\/p>\n<p><strong>8. Abilitazione\/disabilitazione e cancellazione dei cookie<\/strong><br \/>\nCon il vostro browser Internet potete eliminare i cookie automaticamente o manualmente. \u00c8 inoltre possibile specificare che determinati cookie non possono essere inseriti. In alternativa, \u00e8 possibile modificare le impostazioni del browser Internet in modo da ricevere un messaggio ogni volta che viene inserito un cookie. Per ulteriori informazioni su queste opzioni, consultare le istruzioni nella sezione \"Aiuto\" del browser.<br \/>\nSi prega di notare che il nostro sito web potrebbe non funzionare correttamente se tutti i cookie sono disabilitati. Se cancellate i cookie dal vostro browser, essi verranno nuovamente inseriti dopo il vostro consenso quando visiterete nuovamente i nostri siti web.<\/p>\n<p><strong>9. I vostri diritti in materia di dati personali<\/strong><br \/>\nL'utente ha i seguenti diritti in relazione ai propri dati personali:<br \/>\nAvete il diritto di sapere perch\u00e9 i vostri dati personali sono necessari, che fine faranno e per quanto tempo saranno conservati.<br \/>\nDiritto di accesso: l'utente ha il diritto di accedere ai dati personali in nostro possesso.<br \/>\nDiritto di rettifica: avete il diritto di completare, rettificare, cancellare o bloccare i vostri dati personali in qualsiasi momento.<br \/>\nSe ci avete dato il consenso al trattamento dei vostri dati, avete il diritto di revocare tale consenso e di far cancellare i vostri dati personali.<br \/>\nDiritto di trasferimento dei dati: avete il diritto di richiedere tutti i vostri dati personali al responsabile del trattamento e di trasferirli integralmente a un altro responsabile del trattamento.<br \/>\nDiritto di opposizione: potete opporvi al trattamento dei vostri dati. Noi ci adeguiamo, a meno che non vi siano motivi giustificati per il trattamento.<br \/>\nPer esercitare tali diritti, vi preghiamo di contattarci. Si prega di consultare i dettagli di contatto in fondo alla presente informativa sui cookie. In caso di reclami sul modo in cui trattiamo i vostri dati, saremo lieti di ascoltarvi, ma avete anche il diritto di presentare un reclamo all'autorit\u00e0 di controllo (l'autorit\u00e0 per la protezione dei dati).<\/p>\n<p><strong>10. Dettagli di contatto<\/strong><br \/>\nPer domande e\/o commenti sulla nostra politica sui cookie e sulla presente informativa, vi preghiamo di contattarci utilizzando i dettagli di contatto riportati di seguito:<br \/>\nMegaDancers: campionato europeo di salsa<br \/>\n7 Via Athena<br \/>\n38296 San Crist\u00f3bal de La Laguna<br \/>\nIsole Canarie<br \/>\nSpagna<br \/>\nWeb: https:\/\/www.megadancers.com<br \/>\nE-mail: hi@megadancers.com<br \/>\nNumero di telefono: + 34 663 816 781<\/p>\n<p>Questa informativa sui cookie \u00e8 stata sincronizzata con cookiedatabase.org il 26\/02\/2023<\/p>\n<\/div><\/div><\/div><div class=\"fusion-layout-column fusion_builder_column fusion-builder-column-2 fusion_builder_column_1_6 1_6 fusion-flex-column\" style=\"--awb-bg-size:cover;--awb-width-large:16.666666666667%;--awb-margin-top-large:0px;--awb-spacing-right-large:11.52%;--awb-margin-bottom-large:20px;--awb-spacing-left-large:11.52%;--awb-width-medium:16.666666666667%;--awb-order-medium:0;--awb-spacing-right-medium:11.52%;--awb-spacing-left-medium:11.52%;--awb-width-small:100%;--awb-order-small:0;--awb-spacing-right-small:1.92%;--awb-spacing-left-small:1.92%;\"><div class=\"fusion-column-wrapper fusion-column-has-shadow fusion-flex-justify-content-flex-start fusion-content-layout-column\"><\/div><\/div><\/div><\/div>","protected":false},"excerpt":{"rendered":"POL\u00cdTICA DE COOKIES Esta pol\u00edtica de cookies fue actualizada por \u00faltima vez el 26 febrero, 2023 y se aplica a los ciudadanos y residentes legales permanentes del Espacio Econ\u00f3mico Europeo y Suiza. 1. Introducci\u00f3n Nuestra web,\u00a0\u00a0https:\/\/www.megadancers.com(en adelante: \u00abla web\u00bb) utiliza [...]","protected":false},"author":1,"featured_media":0,"parent":0,"menu_order":0,"comment_status":"closed","ping_status":"closed","template":"","meta":{"footnotes":""},"class_list":["post-4153","page","type-page","status-publish","hentry"],"yoast_head":"<!-- This site is optimized with the Yoast SEO plugin v27.4 - https:\/\/yoast.com\/product\/yoast-seo-wordpress\/ -->\n<title>Pol\u00edtica de Cookies - MegaDancers: European Salsa League<\/title>\n<meta name=\"robots\" content=\"index, follow, max-snippet:-1, max-image-preview:large, max-video-preview:-1\" \/>\n<link rel=\"canonical\" href=\"https:\/\/www.megadancers.com\/it\/politica-de-cookies-ue\/\" \/>\n<meta property=\"og:locale\" content=\"it_IT\" \/>\n<meta property=\"og:type\" content=\"article\" \/>\n<meta property=\"og:title\" content=\"Pol\u00edtica de Cookies - MegaDancers: European Salsa League\" \/>\n<meta property=\"og:url\" content=\"https:\/\/www.megadancers.com\/it\/politica-de-cookies-ue\/\" \/>\n<meta property=\"og:site_name\" content=\"MegaDancers: European Salsa League\" \/>\n<meta property=\"article:publisher\" content=\"https:\/\/www.facebook.com\/CanariasSalsaOpen\/\" \/>\n<meta property=\"article:modified_time\" content=\"2023-05-28T18:18:05+00:00\" \/>\n<meta property=\"og:image\" content=\"https:\/\/www.megadancers.com\/wp-content\/uploads\/2023\/06\/logo-yoast.jpg\" \/>\n\t<meta property=\"og:image:width\" content=\"1200\" \/>\n\t<meta property=\"og:image:height\" content=\"675\" \/>\n\t<meta property=\"og:image:type\" content=\"image\/jpeg\" \/>\n<meta name=\"twitter:card\" content=\"summary_large_image\" \/>\n<meta name=\"twitter:label1\" content=\"Tempo di lettura stimato\" \/>\n\t<meta name=\"twitter:data1\" content=\"14 minuti\" \/>\n<script type=\"application\/ld+json\" class=\"yoast-schema-graph\">{\"@context\":\"https:\\\/\\\/schema.org\",\"@graph\":[{\"@type\":\"WebPage\",\"@id\":\"https:\\\/\\\/www.megadancers.com\\\/politica-de-cookies-ue\\\/\",\"url\":\"https:\\\/\\\/www.megadancers.com\\\/politica-de-cookies-ue\\\/\",\"name\":\"Pol\u00edtica de Cookies - MegaDancers: European Salsa League\",\"isPartOf\":{\"@id\":\"https:\\\/\\\/www.megadancers.com\\\/#website\"},\"datePublished\":\"2023-05-28T18:12:23+00:00\",\"dateModified\":\"2023-05-28T18:18:05+00:00\",\"breadcrumb\":{\"@id\":\"https:\\\/\\\/www.megadancers.com\\\/politica-de-cookies-ue\\\/#breadcrumb\"},\"inLanguage\":\"it-IT\",\"potentialAction\":[{\"@type\":\"ReadAction\",\"target\":[\"https:\\\/\\\/www.megadancers.com\\\/politica-de-cookies-ue\\\/\"]}]},{\"@type\":\"BreadcrumbList\",\"@id\":\"https:\\\/\\\/www.megadancers.com\\\/politica-de-cookies-ue\\\/#breadcrumb\",\"itemListElement\":[{\"@type\":\"ListItem\",\"position\":1,\"name\":\"Inicio\",\"item\":\"https:\\\/\\\/www.megadancers.com\\\/\"},{\"@type\":\"ListItem\",\"position\":2,\"name\":\"Pol\u00edtica de Cookies\"}]},{\"@type\":\"WebSite\",\"@id\":\"https:\\\/\\\/www.megadancers.com\\\/#website\",\"url\":\"https:\\\/\\\/www.megadancers.com\\\/\",\"name\":\"MegaDancers: European Salsa League\",\"description\":\"Competencia de baile de salsa en pareja y solistas\",\"publisher\":{\"@id\":\"https:\\\/\\\/www.megadancers.com\\\/#organization\"},\"alternateName\":\"Megadancers\",\"potentialAction\":[{\"@type\":\"SearchAction\",\"target\":{\"@type\":\"EntryPoint\",\"urlTemplate\":\"https:\\\/\\\/www.megadancers.com\\\/?s={search_term_string}\"},\"query-input\":{\"@type\":\"PropertyValueSpecification\",\"valueRequired\":true,\"valueName\":\"search_term_string\"}}],\"inLanguage\":\"it-IT\"},{\"@type\":\"Organization\",\"@id\":\"https:\\\/\\\/www.megadancers.com\\\/#organization\",\"name\":\"MegaDancers\",\"url\":\"https:\\\/\\\/www.megadancers.com\\\/\",\"logo\":{\"@type\":\"ImageObject\",\"inLanguage\":\"it-IT\",\"@id\":\"https:\\\/\\\/www.megadancers.com\\\/#\\\/schema\\\/logo\\\/image\\\/\",\"url\":\"https:\\\/\\\/www.megadancers.com\\\/wp-content\\\/uploads\\\/2023\\\/06\\\/Logo-MegaDancersSEO.png\",\"contentUrl\":\"https:\\\/\\\/www.megadancers.com\\\/wp-content\\\/uploads\\\/2023\\\/06\\\/Logo-MegaDancersSEO.png\",\"width\":512,\"height\":512,\"caption\":\"MegaDancers\"},\"image\":{\"@id\":\"https:\\\/\\\/www.megadancers.com\\\/#\\\/schema\\\/logo\\\/image\\\/\"},\"sameAs\":[\"https:\\\/\\\/www.facebook.com\\\/CanariasSalsaOpen\\\/\",\"https:\\\/\\\/www.instagram.com\\\/salsaopencanarias\\\/\"]}]}<\/script>\n<!-- \/ Yoast SEO plugin. -->","yoast_head_json":{"title":"Pol\u00edtica de Cookies - MegaDancers: European Salsa League","robots":{"index":"index","follow":"follow","max-snippet":"max-snippet:-1","max-image-preview":"max-image-preview:large","max-video-preview":"max-video-preview:-1"},"canonical":"https:\/\/www.megadancers.com\/it\/politica-de-cookies-ue\/","og_locale":"it_IT","og_type":"article","og_title":"Pol\u00edtica de Cookies - MegaDancers: European Salsa League","og_url":"https:\/\/www.megadancers.com\/it\/politica-de-cookies-ue\/","og_site_name":"MegaDancers: European Salsa League","article_publisher":"https:\/\/www.facebook.com\/CanariasSalsaOpen\/","article_modified_time":"2023-05-28T18:18:05+00:00","og_image":[{"width":1200,"height":675,"url":"https:\/\/www.megadancers.com\/wp-content\/uploads\/2023\/06\/logo-yoast.jpg","type":"image\/jpeg"}],"twitter_card":"summary_large_image","twitter_misc":{"Tempo di lettura stimato":"14 minuti"},"schema":{"@context":"https:\/\/schema.org","@graph":[{"@type":"WebPage","@id":"https:\/\/www.megadancers.com\/politica-de-cookies-ue\/","url":"https:\/\/www.megadancers.com\/politica-de-cookies-ue\/","name":"Pol\u00edtica de Cookies - MegaDancers: European Salsa League","isPartOf":{"@id":"https:\/\/www.megadancers.com\/#website"},"datePublished":"2023-05-28T18:12:23+00:00","dateModified":"2023-05-28T18:18:05+00:00","breadcrumb":{"@id":"https:\/\/www.megadancers.com\/politica-de-cookies-ue\/#breadcrumb"},"inLanguage":"it-IT","potentialAction":[{"@type":"ReadAction","target":["https:\/\/www.megadancers.com\/politica-de-cookies-ue\/"]}]},{"@type":"BreadcrumbList","@id":"https:\/\/www.megadancers.com\/politica-de-cookies-ue\/#breadcrumb","itemListElement":[{"@type":"ListItem","position":1,"name":"Inicio","item":"https:\/\/www.megadancers.com\/"},{"@type":"ListItem","position":2,"name":"Pol\u00edtica de Cookies"}]},{"@type":"WebSite","@id":"https:\/\/www.megadancers.com\/#website","url":"https:\/\/www.megadancers.com\/","name":"MegaDancers: campionato europeo di salsa","description":"Gara di ballo di salsa per coppie e solisti","publisher":{"@id":"https:\/\/www.megadancers.com\/#organization"},"alternateName":"Megadancers","potentialAction":[{"@type":"SearchAction","target":{"@type":"EntryPoint","urlTemplate":"https:\/\/www.megadancers.com\/?s={search_term_string}"},"query-input":{"@type":"PropertyValueSpecification","valueRequired":true,"valueName":"search_term_string"}}],"inLanguage":"it-IT"},{"@type":"Organization","@id":"https:\/\/www.megadancers.com\/#organization","name":"MegaDancers","url":"https:\/\/www.megadancers.com\/","logo":{"@type":"ImageObject","inLanguage":"it-IT","@id":"https:\/\/www.megadancers.com\/#\/schema\/logo\/image\/","url":"https:\/\/www.megadancers.com\/wp-content\/uploads\/2023\/06\/Logo-MegaDancersSEO.png","contentUrl":"https:\/\/www.megadancers.com\/wp-content\/uploads\/2023\/06\/Logo-MegaDancersSEO.png","width":512,"height":512,"caption":"MegaDancers"},"image":{"@id":"https:\/\/www.megadancers.com\/#\/schema\/logo\/image\/"},"sameAs":["https:\/\/www.facebook.com\/CanariasSalsaOpen\/","https:\/\/www.instagram.com\/salsaopencanarias\/"]}]}},"_links":{"self":[{"href":"https:\/\/www.megadancers.com\/it\/wp-json\/wp\/v2\/pages\/4153","targetHints":{"allow":["GET"]}}],"collection":[{"href":"https:\/\/www.megadancers.com\/it\/wp-json\/wp\/v2\/pages"}],"about":[{"href":"https:\/\/www.megadancers.com\/it\/wp-json\/wp\/v2\/types\/page"}],"author":[{"embeddable":true,"href":"https:\/\/www.megadancers.com\/it\/wp-json\/wp\/v2\/users\/1"}],"replies":[{"embeddable":true,"href":"https:\/\/www.megadancers.com\/it\/wp-json\/wp\/v2\/comments?post=4153"}],"version-history":[{"count":0,"href":"https:\/\/www.megadancers.com\/it\/wp-json\/wp\/v2\/pages\/4153\/revisions"}],"wp:attachment":[{"href":"https:\/\/www.megadancers.com\/it\/wp-json\/wp\/v2\/media?parent=4153"}],"curies":[{"name":"wp","href":"https:\/\/api.w.org\/{rel}","templated":true}]}}